{"id":1010,"date":"2018-05-13T03:41:06","date_gmt":"2018-05-13T03:41:06","guid":{"rendered":"http:\/\/demo.snstheme.com\/wp\/dsk\/?page_id=46"},"modified":"2025-03-18T13:32:18","modified_gmt":"2025-03-18T12:32:18","slug":"home-2","status":"publish","type":"page","link":"https:\/\/luxeonur.com\/fr\/","title":{"rendered":"LuxeOnur \u2013  Kalite ve \u015e\u0131kl\u0131k Uygun Fiyatlarla"},"content":{"rendered":"<div class=\"wpb-content-wrapper\"><div class=\"vc_row wpb_row vc_row-fluid\"><div class=\"wpb_column vc_column_container vc_col-sm-12\"><div class=\"vc_column-inner\"><div class=\"wpb_wrapper\"><div class=\"vc_empty_space\"   style=\"height: 32px\"><span class=\"vc_empty_space_inner\"><\/span><\/div><h1 style=\"font-size: 30px;text-align: left;font-family:Actor;font-weight:400;font-style:normal\" class=\"vc_custom_heading vc_do_custom_heading\" >Nouveaut\u00e9s<\/h1>\n\t<div class=\"wpb_text_column wpb_content_element\" >\n\t\t<div class=\"wpb_wrapper\">\n\t\t\t<p style=\"font-size: 20px;\">Nous avons r\u00e9uni pour vous les produits les meilleurs et les plus sp\u00e9ciaux ! D\u00e9couvrez les produits qui se distinguent par leur qualit\u00e9, leurs avantages et la satisfaction de leurs clients et profitez d'une exp\u00e9rience privil\u00e9gi\u00e9e.<\/p>\n\n\t\t<\/div>\n\t<\/div>\n<div class=\"vc_empty_space\"   style=\"height: 32px\"><span class=\"vc_empty_space_inner\"><\/span><\/div><div class=\"sns-products woocommerce list-mode nav-in-middlebox\" data-usenav=\"2\" data-usepaging=\"2\" data-desktop=\"5\" data-tabletl=\"4\" data-tabletp=\"4\" data-mobilel=\"2\" data-mobilep=\"1\" data-gridstyle=\"\"><div class=\"sproduct-content\"><div class=\"prdlist-content\"><div class=\"s-products product_list list owl-carousel\"><div class=\"item-row\"><div class=\"post-2426 product type-product status-publish has-post-thumbnail product_cat-uncategorized first instock featured taxable shipping-taxable purchasable product-type-simple\">\n\t<div class=\"block-product-inner list-view\">\n\t\t\t\t<div class=\"item-img\">\n\t\t\t\t\t<a class=\"product-image\" href=\"https:\/\/luxeonur.com\/fr\/produit\/lugowell-2-iyot-damlasi\/\">\n\t<img loading=\"lazy\" decoding=\"async\" width=\"1946\" height=\"2125\" src=\"https:\/\/luxeonur.com\/wp-content\/uploads\/2025\/04\/iyot.webp\" class=\"attachment-shop_thumbnail size-shop_thumbnail\" alt=\"Lugowell %2 \u0130yot Damlas\u0131\" srcset=\"https:\/\/luxeonur.com\/wp-content\/uploads\/2025\/04\/iyot.webp 1946w, https:\/\/luxeonur.com\/wp-content\/uploads\/2025\/04\/iyot-275x300.webp 275w, https:\/\/luxeonur.com\/wp-content\/uploads\/2025\/04\/iyot-938x1024.webp 938w, https:\/\/luxeonur.com\/wp-content\/uploads\/2025\/04\/iyot-768x839.webp 768w, https:\/\/luxeonur.com\/wp-content\/uploads\/2025\/04\/iyot-1407x1536.webp 1407w, https:\/\/luxeonur.com\/wp-content\/uploads\/2025\/04\/iyot-1875x2048.webp 1875w, https:\/\/luxeonur.com\/wp-content\/uploads\/2025\/04\/iyot-11x12.webp 11w, https:\/\/luxeonur.com\/wp-content\/uploads\/2025\/04\/iyot-600x655.webp 600w\" sizes=\"auto, (max-width: 1946px) 100vw, 1946px\" \/>\t\t\t\t\t<\/a>\n\t\t\t\t\t<a href=\"#\" class=\"button yith-wcqv-button\" data-product_id=\"2426\">Quick view<\/a>\t\t\t<\/div>\n\t\t\t<div class=\"item-info\">\n\t\t\t\t<div class=\"item-content\">\n\t<div class=\"item-title woocommerce-loop-product__title\"><a href=\"https:\/\/luxeonur.com\/fr\/produit\/lugowell-2-iyot-damlasi\/\" title=\"Lugowell %2 \u0130yot Damlas\u0131\">Lugowell %2 \u0130yot Damlas\u0131<\/a><\/div>\n\t<span class=\"price\"><span class=\"woocommerce-Price-amount amount\"><bdi>22,99&nbsp;<span class=\"woocommerce-Price-currencySymbol\">&euro;<\/span><\/bdi><\/span><\/span>\n\t\t\t\t\t\t\t\t<\/div>\n\t\t\t<\/div>\n\t<\/div>\n<\/div>\n<div class=\"post-2376 product type-product status-publish has-post-thumbnail product_cat-temizlik  instock featured taxable shipping-taxable purchasable product-type-simple\">\n\t<div class=\"block-product-inner list-view\">\n\t\t\t\t<div class=\"item-img\">\n\t\t\t\t\t<a class=\"product-image\" href=\"https:\/\/luxeonur.com\/fr\/produit\/fisfis\/\">\n\t<img loading=\"lazy\" decoding=\"async\" width=\"720\" height=\"720\" src=\"https:\/\/luxeonur.com\/wp-content\/uploads\/2025\/03\/pusspuss.jpg\" class=\"attachment-shop_thumbnail size-shop_thumbnail\" alt=\"leke cikartici puskurtme fisfis\" srcset=\"https:\/\/luxeonur.com\/wp-content\/uploads\/2025\/03\/pusspuss.jpg 720w, https:\/\/luxeonur.com\/wp-content\/uploads\/2025\/03\/pusspuss-300x300.jpg 300w, https:\/\/luxeonur.com\/wp-content\/uploads\/2025\/03\/pusspuss-150x150.jpg 150w, https:\/\/luxeonur.com\/wp-content\/uploads\/2025\/03\/pusspuss-12x12.jpg 12w, https:\/\/luxeonur.com\/wp-content\/uploads\/2025\/03\/pusspuss-600x600.jpg 600w, https:\/\/luxeonur.com\/wp-content\/uploads\/2025\/03\/pusspuss-100x100.jpg 100w\" sizes=\"auto, (max-width: 720px) 100vw, 720px\" \/>\t\t\t\t\t<\/a>\n\t\t\t\t\t<a href=\"#\" class=\"button yith-wcqv-button\" data-product_id=\"2376\">Quick view<\/a>\t\t\t<\/div>\n\t\t\t<div class=\"item-info\">\n\t\t\t\t<div class=\"item-content\">\n\t<div class=\"item-title woocommerce-loop-product__title\"><a href=\"https:\/\/luxeonur.com\/fr\/produit\/fisfis\/\" title=\"leke cikartici puskurtme fisfis\">leke cikartici puskurtme fisfis<\/a><\/div>\n\t<span class=\"price\"><span class=\"woocommerce-Price-amount amount\"><bdi>2,00&nbsp;<span class=\"woocommerce-Price-currencySymbol\">&euro;<\/span><\/bdi><\/span><\/span>\n\t\t\t\t\t\t\t\t<\/div>\n\t\t\t<\/div>\n\t<\/div>\n<\/div>\n<\/div><!--End .item-row--><div class=\"item-row\"><div class=\"post-447 product type-product status-publish has-post-thumbnail product_cat-temizlik product_tag-interior product_tag-lighting  instock featured taxable shipping-taxable purchasable product-type-simple\">\n\t<div class=\"block-product-inner list-view\">\n\t\t\t\t<div class=\"item-img\">\n\t\t\t\t\t<a class=\"product-image\" href=\"https:\/\/luxeonur.com\/fr\/produit\/luxe-onur-leke-cikaricisi-yastik-hali-ve-kanepelerdeki-lekeleri-giderir\/\">\n\t<img loading=\"lazy\" decoding=\"async\" width=\"1080\" height=\"1350\" src=\"https:\/\/luxeonur.com\/wp-content\/uploads\/2018\/06\/WhatsApp-Image-2025-02-28-at-12.46.31.jpeg\" class=\"attachment-shop_thumbnail size-shop_thumbnail\" alt=\"Luxe Onur leke \u00e7\u0131kar\u0131c\u0131s\u0131 \u2013 Yast\u0131k, Hal\u0131 ve Kanepelerdeki Lekeleri Giderir\" \/>\t\t\t\t\t<\/a>\n\t\t\t\t\t<a href=\"#\" class=\"button yith-wcqv-button\" data-product_id=\"447\">Quick view<\/a>\t\t\t<\/div>\n\t\t\t<div class=\"item-info\">\n\t\t\t\t<div class=\"item-content\">\n\t<div class=\"item-title woocommerce-loop-product__title\"><a href=\"https:\/\/luxeonur.com\/fr\/produit\/luxe-onur-leke-cikaricisi-yastik-hali-ve-kanepelerdeki-lekeleri-giderir\/\" title=\"D\u00e9tachant - Enl\u00e8ve les taches sur les oreillers, les tapis et les canap\u00e9s\">D\u00e9tachant - Enl\u00e8ve les taches sur les oreillers, les tapis et les canap\u00e9s<\/a><\/div>\n\t<span class=\"price\"><span class=\"woocommerce-Price-amount amount\"><bdi>16,99&nbsp;<span class=\"woocommerce-Price-currencySymbol\">&euro;<\/span><\/bdi><\/span><\/span>\n\t\t\t\t\t\t\t\t<\/div>\n\t\t\t<\/div>\n\t<\/div>\n<\/div>\n<\/div><!--End .item-row--><\/div><\/div><\/div><\/div><div class=\"vc_empty_space\"   style=\"height: 60px\"><span class=\"vc_empty_space_inner\"><\/span><\/div><div class=\"vc_btn3-container vc_btn3-center vc_custom_1740914997904 vc_do_btn\" ><a style=\"background-color:#405335; color:#FFFFFF;\" class=\"vc_general vc_btn3 vc_btn3-size-md vc_btn3-shape-rounded vc_btn3-style-custom vc_btn3-icon-left\" href=\"https:\/\/luxeonur.com\/fr\/urunler\/\" title=\"\" target=\"_blank\"><i class=\"vc_btn3-icon fas fa-cart-arrow-down\"><\/i> Voir tous les produits<\/a><\/div><div class=\"vc_empty_space\"   style=\"height: 60px\"><span class=\"vc_empty_space_inner\"><\/span><\/div><div class=\"vc_empty_space  vc_custom_1740914765922\"   style=\"height: 2px\"><span class=\"vc_empty_space_inner\"><\/span><\/div><div class=\"vc_empty_space\"   style=\"height: 60px\"><span class=\"vc_empty_space_inner\"><\/span><\/div><\/div><\/div><\/div><\/div><div class=\"vc_row wpb_row vc_row-fluid\"><div class=\"wpb_column vc_column_container vc_col-sm-12\"><div class=\"vc_column-inner\"><div class=\"wpb_wrapper\"><h1 style=\"font-size: 30px;text-align: left;font-family:Actor;font-weight:400;font-style:normal\" class=\"vc_custom_heading vc_do_custom_heading\" >\u00c0 propos de nous<\/h1><div class=\"vc_empty_space\"   style=\"height: 32px\"><span class=\"vc_empty_space_inner\"><\/span><\/div><div class=\"vc_row wpb_row vc_inner vc_row-fluid\"><div class=\"wpb_column vc_column_container vc_col-sm-6\"><div class=\"vc_column-inner\"><div class=\"wpb_wrapper\">\n\t<div  class=\"wpb_single_image wpb_content_element vc_align_left wpb_content_element\">\n\t\t\n\t\t<figure class=\"wpb_wrapper vc_figure\">\n\t\t\t<div class=\"vc_single_image-wrapper   vc_box_border_grey\"><img loading=\"lazy\" decoding=\"async\" width=\"660\" height=\"440\" src=\"https:\/\/luxeonur.com\/wp-content\/uploads\/2025\/03\/close-up-portrait-of-beautiful-young-woman-with-wh-2024-11-07-15-54-27-utc1.jpg\" class=\"vc_single_image-img attachment-large\" alt=\"\" title=\"close-up-portrait-of-beautiful-young-woman-with-wh-2024-11-07-15-54-27-utc(1)\" \/><\/div>\n\t\t<\/figure>\n\t<\/div>\n<\/div><\/div><\/div><div class=\"wpb_column vc_column_container vc_col-sm-6\"><div class=\"vc_column-inner\"><div class=\"wpb_wrapper\">\n\t<div class=\"wpb_text_column wpb_content_element\" >\n\t\t<div class=\"wpb_wrapper\">\n\t\t\t<p style=\"font-size: 20px;\" data-start=\"52\" data-end=\"358\"><strong>LuxeOnur<\/strong>, <strong>est une marque dynamique et innovante qui propose des produits<\/strong> de la plus haute qualit\u00e9 dans de nombreuses cat\u00e9gories indispensables pour la maison, la beaut\u00e9 et la vie quotidienne. <strong>Pr\u00e9sente dans toute l'Europe,<\/strong> notre marque a pour mission de rendre le luxe accessible \u00e0 tous en proposant \u00e0 ses clients des produits de grande qualit\u00e9 \u00e0 des prix abordables.<\/p>\n<p style=\"font-size: 20px;\" data-start=\"360\" data-end=\"673\">ChezLuxeOnur, nous nous effor\u00e7ons de r\u00e9pondre au mieux aux besoins et aux attentes de nos clients en s\u00e9lectionnant soigneusement chaque produit. Nous proposons une large gamme de produits allant des accessoires de d\u00e9coration \u00e9l\u00e9gants aux produits de beaut\u00e9 haut de gamme, des solutions pratiques qui facilitent la vie quotidienne aux accessoires les plus tendance.<\/p>\n\n\t\t<\/div>\n\t<\/div>\n<\/div><\/div><\/div><\/div><\/div><\/div><\/div><\/div><div class=\"vc_row wpb_row vc_row-fluid\"><div class=\"wpb_column vc_column_container vc_col-sm-12\"><div class=\"vc_column-inner\"><div class=\"wpb_wrapper\"><div class=\"vc_empty_space\"   style=\"height: 32px\"><span class=\"vc_empty_space_inner\"><\/span><\/div><\/div><\/div><\/div><\/div><div class=\"vc_row wpb_row vc_row-fluid vc_custom_1740913846097 vc_row-has-fill\"><div class=\"wpb_column vc_column_container vc_col-sm-12\"><div class=\"vc_column-inner\"><div class=\"wpb_wrapper\"><h1 style=\"font-size: 30px;text-align: left;font-family:Actor;font-weight:400;font-style:normal\" class=\"vc_custom_heading vc_do_custom_heading\" >Nous faire confiance<\/h1><\/div><\/div><\/div><\/div><div class=\"vc_row wpb_row vc_row-fluid vc_custom_1740913854190 vc_row-has-fill\"><div class=\"wpb_column vc_column_container vc_col-sm-12\"><div class=\"vc_column-inner\"><div class=\"wpb_wrapper\">\n\t<div class=\"wpb_text_column wpb_content_element\" >\n\t\t<div class=\"wpb_wrapper\">\n\t\t\t<p style=\"font-size: 20px;\"><strong data-start=\"0\" data-end=\"40\" data-is-only-node=\"\">Voici quelques bonnes raisons de nous choisir :<\/strong> Gr\u00e2ce \u00e0 nos ann\u00e9es d'exp\u00e9rience, \u00e0 notre engagement sans faille en faveur de la satisfaction de nos clients et aux services de haute qualit\u00e9 que nous proposons, nous nous engageons \u00e0 toujours vous offrir ce qu'il y a de mieux. Parce que votre confiance est notre priorit\u00e9 absolue.<\/p>\n\n\t\t<\/div>\n\t<\/div>\n<\/div><\/div><\/div><\/div><div class=\"vc_row wpb_row vc_row-fluid vc_custom_1740913860933 vc_row-has-fill\"><div class=\"wpb_column vc_column_container vc_col-sm-4\"><div class=\"vc_column-inner\"><div class=\"wpb_wrapper\">\n\t<div  class=\"wpb_single_image wpb_content_element vc_align_center wpb_content_element\">\n\t\t\n\t\t<figure class=\"wpb_wrapper vc_figure\">\n\t\t\t<div class=\"vc_single_image-wrapper   vc_box_border_grey\"><img loading=\"lazy\" decoding=\"async\" width=\"150\" height=\"150\" src=\"https:\/\/luxeonur.com\/wp-content\/uploads\/2025\/03\/garantie.png\" class=\"vc_single_image-img attachment-thumbnail\" alt=\"\" title=\"garantie\" \/><\/div>\n\t\t<\/figure>\n\t<\/div>\n\n\t<div class=\"wpb_text_column wpb_content_element vc_custom_1740914407457\" >\n\t\t<div class=\"wpb_wrapper\">\n\t\t\t<p style=\"font-size: 20px; text-align: center;\"><strong data-start=\"3\" data-end=\"22\" data-is-only-node=\"\">Qualit\u00e9 et confiance<\/strong> Nous offrons toujours la plus haute qualit\u00e9 dans nos produits et services.<\/p>\n\n\t\t<\/div>\n\t<\/div>\n<\/div><\/div><\/div><div class=\"wpb_column vc_column_container vc_col-sm-4\"><div class=\"vc_column-inner\"><div class=\"wpb_wrapper\">\n\t<div  class=\"wpb_single_image wpb_content_element vc_align_center wpb_content_element\">\n\t\t\n\t\t<figure class=\"wpb_wrapper vc_figure\">\n\t\t\t<div class=\"vc_single_image-wrapper   vc_box_border_grey\"><img loading=\"lazy\" decoding=\"async\" width=\"150\" height=\"150\" src=\"https:\/\/luxeonur.com\/wp-content\/uploads\/2025\/03\/avis-client.png\" class=\"vc_single_image-img attachment-thumbnail\" alt=\"\" title=\"avis-client\" \/><\/div>\n\t\t<\/figure>\n\t<\/div>\n\n\t<div class=\"wpb_text_column wpb_content_element\" >\n\t\t<div class=\"wpb_wrapper\">\n\t\t\t<p style=\"font-size: 20px; text-align: center;\"><strong data-start=\"103\" data-end=\"126\" data-is-only-node=\"\">Satisfaction des clients<\/strong> Votre satisfaction est notre priorit\u00e9, nous fournissons toujours le meilleur service.<\/p>\n\n\t\t<\/div>\n\t<\/div>\n<\/div><\/div><\/div><div class=\"wpb_column vc_column_container vc_col-sm-4\"><div class=\"vc_column-inner\"><div class=\"wpb_wrapper\">\n\t<div  class=\"wpb_single_image wpb_content_element vc_align_center wpb_content_element\">\n\t\t\n\t\t<figure class=\"wpb_wrapper vc_figure\">\n\t\t\t<div class=\"vc_single_image-wrapper   vc_box_border_grey\"><img loading=\"lazy\" decoding=\"async\" width=\"150\" height=\"150\" src=\"https:\/\/luxeonur.com\/wp-content\/uploads\/2025\/03\/colis-de-retour.png\" class=\"vc_single_image-img attachment-thumbnail\" alt=\"\" title=\"colis-de-retour\" \/><\/div>\n\t\t<\/figure>\n\t<\/div>\n\n\t<div class=\"wpb_text_column wpb_content_element\" >\n\t\t<div class=\"wpb_wrapper\">\n\t\t\t<p style=\"font-size: 20px; text-align: center;\"><strong data-start=\"214\" data-end=\"236\" data-is-only-node=\"\">Prix avantageux<\/strong> Nous proposons des solutions \u00e9conomiques en offrant des produits de qualit\u00e9 aux prix les plus abordables.<\/p>\n\n\t\t<\/div>\n\t<\/div>\n<\/div><\/div><\/div><\/div><div class=\"vc_row wpb_row vc_row-fluid\"><div class=\"wpb_column vc_column_container vc_col-sm-6\"><div class=\"vc_column-inner\"><div class=\"wpb_wrapper\">\n\t<div class=\"wpb_text_column wpb_content_element vc_custom_1740889265809\" >\n\t\t<div class=\"wpb_wrapper\">\n\t\t\t<p style=\"font-size: 20px;\" data-start=\"675\" data-end=\"1130\">Nous offrons une exp\u00e9rience d'achat facile et agr\u00e9able en donnant toujours la priorit\u00e9 \u00e0 la satisfaction du client. Gr\u00e2ce \u00e0 notre site web convivial, \u00e0 notre processus de commande rapide et \u00e0 notre service client\u00e8le amical, vous n'aurez pas \u00e0 vous soucier de vos achats. Notre \u00e9quipe travaille tout au long de l'ann\u00e9e pour n\u00e9gocier les meilleurs prix et proposer des campagnes sp\u00e9ciales. Gr\u00e2ce \u00e0 notre r\u00e9seau logistique optimis\u00e9, nous assurons une livraison rapide et fiable dans toute l'Europe.<\/p>\n<p style=\"font-size: 20px;\" data-start=\"1132\" data-end=\"1351\">LuxeOnur est aussi une marque innovante: Nous pensons \u00e0 votre budget tout en offrant \u00e9l\u00e9gance, confort et qualit\u00e9. Notre objectif est d'\u00eatre une adresse incontournable pour les consommateurs conscients qui suivent la mode et l'innovation.<\/p>\n\n\t\t<\/div>\n\t<\/div>\n<\/div><\/div><\/div><div class=\"wpb_column vc_column_container vc_col-sm-6\"><div class=\"vc_column-inner\"><div class=\"wpb_wrapper\">\n\t<div  class=\"wpb_single_image wpb_content_element vc_align_left wpb_content_element vc_custom_1740889275151\">\n\t\t\n\t\t<figure class=\"wpb_wrapper vc_figure\">\n\t\t\t<div class=\"vc_single_image-wrapper   vc_box_border_grey\"><img loading=\"lazy\" decoding=\"async\" width=\"800\" height=\"533\" src=\"https:\/\/luxeonur.com\/wp-content\/uploads\/2025\/03\/edible-world-map-made-from-italian-round-pasta-iso-2024-11-18-16-11-33-utc1.jpg\" class=\"vc_single_image-img attachment-full\" alt=\"\" title=\"edible-world-map-made-from-italian-round-pasta-iso-2024-11-18-16-11-33-utc(1)\" \/><\/div>\n\t\t<\/figure>\n\t<\/div>\n<\/div><\/div><\/div><\/div>\n<\/div>","protected":false},"excerpt":{"rendered":"\ud83d\udd39Kuma\u015f ve deri temizleyici D\u00f6\u015feme, suni deri, giysi, hal\u0131, araba koltuklar\u0131ndaki yiyecek, meyve, makyaj ve kan lekelerini kolayca ve etkili bir \u015fekilde \u00e7\u0131kar\u0131r. Forte Tekstil Temizleyiciyi kirli y\u00fczeye yay\u0131n ve lekeleri temiz bir bezle silin. Daha b\u00fcy\u00fck lekeler i\u00e7in g\u00f6ze \u00e7arpmayan bir alanda test edin. \u00dcr\u00fcn\u00fc kullanmadan \u00f6nce temizleme ve kullanma talimatlar\u0131n\u0131 okuyun. G\u00fc\u00e7l\u00fc Kuma\u015f<p class=\"link-more\"><a href=\"https:\/\/luxeonur.com\/fr\/produit\/luxe-onur-leke-cikaricisi-yastik-hali-ve-kanepelerdeki-lekeleri-giderir\/\" class=\"more-link\"><span>Read More<\/span><span class=\"meta-nav\">&#8594;<\/span><\/a><\/p>","protected":false},"author":1,"featured_media":0,"parent":0,"menu_order":0,"comment_status":"closed","ping_status":"closed","template":"","meta":{"footnotes":""},"class_list":["post-1010","page","type-page","status-publish","hentry"],"jetpack_sharing_enabled":true,"_links":{"self":[{"href":"https:\/\/luxeonur.com\/fr\/wp-json\/wp\/v2\/pages\/1010","targetHints":{"allow":["GET"]}}],"collection":[{"href":"https:\/\/luxeonur.com\/fr\/wp-json\/wp\/v2\/pages"}],"about":[{"href":"https:\/\/luxeonur.com\/fr\/wp-json\/wp\/v2\/types\/page"}],"author":[{"embeddable":true,"href":"https:\/\/luxeonur.com\/fr\/wp-json\/wp\/v2\/users\/1"}],"replies":[{"embeddable":true,"href":"https:\/\/luxeonur.com\/fr\/wp-json\/wp\/v2\/comments?post=1010"}],"version-history":[{"count":74,"href":"https:\/\/luxeonur.com\/fr\/wp-json\/wp\/v2\/pages\/1010\/revisions"}],"predecessor-version":[{"id":2375,"href":"https:\/\/luxeonur.com\/fr\/wp-json\/wp\/v2\/pages\/1010\/revisions\/2375"}],"wp:attachment":[{"href":"https:\/\/luxeonur.com\/fr\/wp-json\/wp\/v2\/media?parent=1010"}],"curies":[{"name":"wp","href":"https:\/\/api.w.org\/{rel}","templated":true}]}}