{"id":1371,"date":"2025-02-28T09:50:35","date_gmt":"2025-02-28T08:50:35","guid":{"rendered":"https:\/\/luxeonur.com\/?page_id=1371"},"modified":"2025-03-03T11:33:30","modified_gmt":"2025-03-03T10:33:30","slug":"yardim","status":"publish","type":"page","link":"https:\/\/luxeonur.com\/fr\/yardim\/","title":{"rendered":"Support"},"content":{"rendered":"<div class=\"wpb-content-wrapper\"><div class=\"vc_row wpb_row vc_row-fluid\"><div class=\"wpb_column vc_column_container vc_col-sm-12\"><div class=\"vc_column-inner\"><div class=\"wpb_wrapper\">\n\t<div class=\"wpb_text_column wpb_content_element\" >\n\t\t<div class=\"wpb_wrapper\">\n\t\t\t<p style=\"font-size: 20px;\">La satisfaction du client est l'une de nos principales priorit\u00e9s. Vous avez des questions sur vos commandes, vos paiements, les proc\u00e9dures d'exp\u00e9dition ou nos politiques de retour ? Vous trouverez facilement les informations dont vous avez besoin dans notre centre d'aide.<\/p>\n<p style=\"font-size: 20px;\">Vous pouvez nous contacter directement en utilisant le formulaire de contact ci-dessous ou envoyer un courriel \u00e0 notre \u00e9quipe d'assistance. Nous sommes l\u00e0 pour vous r\u00e9pondre dans les plus brefs d\u00e9lais !<\/p>\n\n\t\t<\/div>\n\t<\/div>\n<\/div><\/div><\/div><\/div><div class=\"vc_row wpb_row vc_row-fluid\"><div class=\"wpb_column vc_column_container vc_col-sm-12\"><div class=\"vc_column-inner\"><div class=\"wpb_wrapper\">\n\t<div class=\"wpb_text_column wpb_content_element\" >\n\t\t<div class=\"wpb_wrapper\">\n\t\t\t<p style=\"font-size: 20px;\" data-start=\"518\" data-end=\"627\">\ud83d\udce9 <strong data-start=\"521\" data-end=\"533\">E-mail:<\/strong> info@luxeonur.com<br data-start=\"591\" data-end=\"594\" \/>\ud83d\udccd <strong data-start=\"597\" data-end=\"607\">Adresse:<\/strong> Av Jean Moulin &#8211; Annonay &#8211; France<\/p>\n<p style=\"font-size: 20px;\" data-start=\"629\" data-end=\"763\">De plus, <a href=\"https:\/\/luxeonur.com\/fr\/sss\/\"><strong data-start=\"637\" data-end=\"687\">S\u0131k\u00e7a Sorulan Sorular (SSS)<\/strong><\/a> Vous trouverez les r\u00e9ponses aux questions les plus courantes en visitant notre section.<\/p>\n\n\t\t<\/div>\n\t<\/div>\n<\/div><\/div><\/div><\/div><div class=\"vc_row wpb_row vc_row-fluid\"><div class=\"wpb_column vc_column_container vc_col-sm-12\"><div class=\"vc_column-inner\"><div class=\"wpb_wrapper\">\n\t<div class=\"wpb_text_column wpb_content_element\" >\n\t\t<div class=\"wpb_wrapper\">\n\t\t\t<h3 data-start=\"765\" data-end=\"786\"><strong data-start=\"769\" data-end=\"784\">Nous \u00e9crire<\/strong><\/h3>\n<p style=\"font-size: 20px;\" data-start=\"787\" data-end=\"867\">Merci de bien vouloir renseigner les \u00e9l\u00e9ments ci-dessous:<\/p>\n\n<div class=\"wpcf7 no-js\" id=\"wpcf7-f567-o1\" lang=\"en-US\" dir=\"ltr\" data-wpcf7-id=\"567\">\n<div class=\"screen-reader-response\"><p role=\"status\" aria-live=\"polite\" aria-atomic=\"true\"><\/p> <ul><\/ul><\/div>\n<form action=\"\/fr\/wp-json\/wp\/v2\/pages\/1371#wpcf7-f567-o1\" method=\"post\" class=\"wpcf7-form init\" aria-label=\"Contact form\" novalidate=\"novalidate\" data-status=\"init\" data-trp-original-action=\"\/fr\/wp-json\/wp\/v2\/pages\/1371#wpcf7-f567-o1\">\n<fieldset class=\"hidden-fields-container\"><input type=\"hidden\" name=\"_wpcf7\" value=\"567\" \/><input type=\"hidden\" name=\"_wpcf7_version\" value=\"6.1.4\" \/><input type=\"hidden\" name=\"_wpcf7_locale\" value=\"en_US\" \/><input type=\"hidden\" name=\"_wpcf7_unit_tag\" value=\"wpcf7-f567-o1\" \/><input type=\"hidden\" name=\"_wpcf7_container_post\" value=\"0\" \/><input type=\"hidden\" name=\"_wpcf7_posted_data_hash\" value=\"\" \/>\n<\/fieldset>\n<style>\n .ctf-info label, \n .ctf-message label, \n .ctf-submit {\n color: black; \/* Texte en noir *\/\n }\n\n .ctf-info input, \n .ctf-info textarea {\n color: black; \/* Texte saisi en noir *\/\n border: 1px solid black; \/* Bordure noire *\/\n background-color: white; \/* Fond blanc pour contraste *\/\n }\n<\/style>\n<div class=\"ctf-info big-space\">\n\t<p><label><span class=\"wpcf7-form-control-wrap\" data-name=\"your-email\"><input size=\"40\" maxlength=\"400\" class=\"wpcf7-form-control wpcf7-email wpcf7-validates-as-required wpcf7-text wpcf7-validates-as-email\" aria-required=\"true\" aria-invalid=\"false\" placeholder=\"Votre adresse e-mail*\" value=\"\" type=\"email\" name=\"your-email\" \/><\/span> <\/label><br \/>\n<label><span class=\"wpcf7-form-control-wrap\" data-name=\"your-phone\"><input size=\"40\" maxlength=\"400\" class=\"wpcf7-form-control wpcf7-text\" aria-invalid=\"false\" placeholder=\"Num\u00e9ro de t\u00e9l\u00e9phone\" value=\"\" type=\"text\" name=\"your-phone\" \/><\/span><\/label>\n\t<\/p>\n<\/div>\n<div class=\"ctf-info big-space big-element\">\n\t<p><label><span class=\"wpcf7-form-control-wrap\" data-name=\"your-subject\"><input size=\"40\" maxlength=\"400\" class=\"wpcf7-form-control wpcf7-text\" aria-invalid=\"false\" placeholder=\"Objet de votre message\" value=\"\" type=\"text\" name=\"your-subject\" \/><\/span><\/label>\n\t<\/p>\n<\/div>\n<div class=\"ctf-message big-space\">\n\t<p><label><span class=\"wpcf7-form-control-wrap\" data-name=\"your-message\"><textarea cols=\"40\" rows=\"10\" maxlength=\"2000\" class=\"wpcf7-form-control wpcf7-textarea\" aria-invalid=\"false\" placeholder=\"Votre message\" name=\"your-message\"><\/textarea><\/span> <\/label>\n\t<\/p>\n<\/div>\n<div class=\"ctf-submit align-left\">\n\t<p><input class=\"wpcf7-form-control wpcf7-submit has-spinner\" type=\"submit\" value=\"Envoyer\" \/>\n\t<\/p>\n<\/div><p style=\"display: none !important;\" class=\"akismet-fields-container\" data-prefix=\"_wpcf7_ak_\"><label>&#916;<textarea name=\"_wpcf7_ak_hp_textarea\" cols=\"45\" rows=\"8\" maxlength=\"100\"><\/textarea><\/label><input type=\"hidden\" id=\"ak_js_1\" name=\"_wpcf7_ak_js\" value=\"192\"\/><script>document.getElementById( \"ak_js_1\" ).setAttribute( \"value\", ( new Date() ).getTime() );<\/script><\/p><div class=\"wpcf7-response-output\" aria-hidden=\"true\"><\/div>\n<input type=\"hidden\" name=\"trp-form-language\" value=\"fr\"\/><\/form>\n<\/div>\n\n\n\t\t<\/div>\n\t<\/div>\n<\/div><\/div><\/div><\/div>\n<\/div>","protected":false},"excerpt":{"rendered":"M\u00fc\u015fteri memnuniyeti bizim i\u00e7in en \u00f6nemli \u00f6nceliklerden biridir. Sipari\u015fleriniz, \u00f6demeleriniz, kargo s\u00fcre\u00e7leri veya iade politikalar\u0131m\u0131z hakk\u0131nda herhangi bir sorunuz mu var? Yard\u0131m merkezimizde ihtiyac\u0131n\u0131z olan bilgilere kolayca ula\u015fabilirsiniz. A\u015fa\u011f\u0131daki ileti\u015fim formunu kullanarak bizimle do\u011frudan ileti\u015fime ge\u00e7ebilir veya destek ekibimize e-posta g\u00f6nderebilirsiniz. Size en k\u0131sa s\u00fcrede yan\u0131t vermek i\u00e7in buraday\u0131z! \ud83d\udce9 E-posta: info@luxeonur.com\ud83d\udccd Adres: Av Jean<p class=\"link-more\"><a href=\"https:\/\/luxeonur.com\/fr\/yardim\/\" class=\"more-link\"><span>Read More<\/span><span class=\"meta-nav\">&#8594;<\/span><\/a><\/p>","protected":false},"author":1,"featured_media":0,"parent":0,"menu_order":0,"comment_status":"closed","ping_status":"closed","template":"","meta":{"footnotes":""},"class_list":["post-1371","page","type-page","status-publish","hentry"],"jetpack_sharing_enabled":true,"_links":{"self":[{"href":"https:\/\/luxeonur.com\/fr\/wp-json\/wp\/v2\/pages\/1371","targetHints":{"allow":["GET"]}}],"collection":[{"href":"https:\/\/luxeonur.com\/fr\/wp-json\/wp\/v2\/pages"}],"about":[{"href":"https:\/\/luxeonur.com\/fr\/wp-json\/wp\/v2\/types\/page"}],"author":[{"embeddable":true,"href":"https:\/\/luxeonur.com\/fr\/wp-json\/wp\/v2\/users\/1"}],"replies":[{"embeddable":true,"href":"https:\/\/luxeonur.com\/fr\/wp-json\/wp\/v2\/comments?post=1371"}],"version-history":[{"count":8,"href":"https:\/\/luxeonur.com\/fr\/wp-json\/wp\/v2\/pages\/1371\/revisions"}],"predecessor-version":[{"id":1461,"href":"https:\/\/luxeonur.com\/fr\/wp-json\/wp\/v2\/pages\/1371\/revisions\/1461"}],"wp:attachment":[{"href":"https:\/\/luxeonur.com\/fr\/wp-json\/wp\/v2\/media?parent=1371"}],"curies":[{"name":"wp","href":"https:\/\/api.w.org\/{rel}","templated":true}]}}