{"id":1373,"date":"2025-02-28T09:50:52","date_gmt":"2025-02-28T08:50:52","guid":{"rendered":"https:\/\/luxeonur.com\/?page_id=1373"},"modified":"2025-03-02T00:43:35","modified_gmt":"2025-03-01T23:43:35","slug":"gizlilik-politikasi","status":"publish","type":"page","link":"https:\/\/luxeonur.com\/fr\/gizlilik-politikasi\/","title":{"rendered":"Politique de confidentialit\u00e9"},"content":{"rendered":"<div class=\"wpb-content-wrapper\"><div class=\"vc_row wpb_row vc_row-fluid\"><div class=\"wpb_column vc_column_container vc_col-sm-12\"><div class=\"vc_column-inner\"><div class=\"wpb_wrapper\">\n\t<div class=\"wpb_text_column wpb_content_element\" >\n\t\t<div class=\"wpb_wrapper\">\n\t\t\t<h2 style=\"font-size: 20px;\" data-start=\"116\" data-end=\"133\"><strong data-start=\"119\" data-end=\"131\">1. Introduction<\/strong><\/h2>\n<p style=\"font-size: 20px;\" data-start=\"134\" data-end=\"344\">La pr\u00e9sente politique de confidentialit\u00e9 <strong>de ce site Web appartient \u00e0 Luxe Onur<\/strong> (\u00ab l'entreprise \u00bb, \u00ab nous \u00bb, \u00ab notre \u00bb) explique comment nous collectons, utilisons et prot\u00e9geons les donn\u00e9es \u00e0 caract\u00e8re personnel de nos clients et visiteurs.<\/p>\n<p style=\"font-size: 20px;\" data-start=\"346\" data-end=\"501\">Lorsque vous visitez notre site Internet<strong data-start=\"360\" data-end=\"387\">www.luxeonur.com<\/strong>les donn\u00e9es utilisateurs sont deviennent une priorit\u00e9 pour notre entreprise.<\/p>\n\n\t\t<\/div>\n\t<\/div>\n<\/div><\/div><\/div><\/div><div class=\"vc_row wpb_row vc_row-fluid\"><div class=\"wpb_column vc_column_container vc_col-sm-12\"><div class=\"vc_column-inner\"><div class=\"wpb_wrapper\">\n\t<div class=\"wpb_text_column wpb_content_element\" >\n\t\t<div class=\"wpb_wrapper\">\n\t\t\t<h2 style=\"font-size: 20px;\" data-start=\"503\" data-end=\"539\"><strong data-start=\"506\" data-end=\"537\">2. les donn\u00e9es personnelles collect\u00e9es<\/strong><\/h2>\n<p style=\"font-size: 20px;\" data-start=\"540\" data-end=\"612\">Nous pouvons collecter directement ou indirectement les donn\u00e9es suivantes aupr\u00e8s de vous :<\/p>\n<ul data-start=\"614\" data-end=\"968\">\n<li style=\"font-size: 20px;\" data-start=\"614\" data-end=\"683\"><strong data-start=\"616\" data-end=\"637\">Informations personnelles:<\/strong> Nom, pr\u00e9nom, adresse e-mail, num\u00e9ro de t\u00e9l\u00e9phone.<\/li>\n<li style=\"font-size: 20px;\" data-start=\"684\" data-end=\"807\"><strong data-start=\"686\" data-end=\"706\">Informations de paiement:<\/strong> Informations bancaires (Les donn\u00e9es ne sont pas stock\u00e9es sur nos serveurs et sont trait\u00e9s par notre partenaires Stripe)<\/li>\n<li style=\"font-size: 20px;\" data-start=\"808\" data-end=\"873\"><strong data-start=\"810\" data-end=\"832\">Informations de livraison<\/strong> Historique de commande, adresse de livraison<\/li>\n<li style=\"font-size: 20px;\" data-start=\"874\" data-end=\"968\"><strong data-start=\"876\" data-end=\"908\">Informations techniques<\/strong> Adresse IP, navigateur et pages visit\u00e9s<\/li>\n<\/ul>\n\n\t\t<\/div>\n\t<\/div>\n<\/div><\/div><\/div><\/div><div class=\"vc_row wpb_row vc_row-fluid\"><div class=\"wpb_column vc_column_container vc_col-sm-12\"><div class=\"vc_column-inner\"><div class=\"wpb_wrapper\">\n\t<div class=\"wpb_text_column wpb_content_element\" >\n\t\t<div class=\"wpb_wrapper\">\n\t\t\t<h2 style=\"font-size: 20px;\" data-start=\"970\" data-end=\"1009\"><strong data-start=\"973\" data-end=\"1007\">3. l'utilisation des donn\u00e9es \u00e0 caract\u00e8re personnel<\/strong><\/h2>\n<p style=\"font-size: 20px;\" data-start=\"1010\" data-end=\"1059\">Voici les raisons de notre collecte<\/p>\n<ul data-start=\"1061\" data-end=\"1303\">\n<li style=\"font-size: 20px;\" data-start=\"1061\" data-end=\"1109\">Traitement et livraison de vos commandes<\/li>\n<li style=\"font-size: 20px;\" data-start=\"1110\" data-end=\"1138\">Fournir une assistance \u00e0 la client\u00e8le<\/li>\n<li style=\"font-size: 20px;\" data-start=\"1139\" data-end=\"1185\">Am\u00e9lioration de notre site web et de nos services<\/li>\n<li style=\"font-size: 20px;\" data-start=\"1186\" data-end=\"1262\">Informer sur les campagnes et les promotions (facultatif)<\/li>\n<li style=\"font-size: 20px;\" data-start=\"1263\" data-end=\"1303\">Remplir les obligations l\u00e9gales<\/li>\n<\/ul>\n\n\t\t<\/div>\n\t<\/div>\n<\/div><\/div><\/div><\/div><div class=\"vc_row wpb_row vc_row-fluid\"><div class=\"wpb_column vc_column_container vc_col-sm-12\"><div class=\"vc_column-inner\"><div class=\"wpb_wrapper\">\n\t<div class=\"wpb_text_column wpb_content_element\" >\n\t\t<div class=\"wpb_wrapper\">\n\t\t\t<h2 style=\"font-size: 20px;\" data-start=\"1305\" data-end=\"1358\"><strong data-start=\"1308\" data-end=\"1356\">4. les cookies et les technologies de suivi<\/strong><\/h2>\n<p style=\"font-size: 20px;\" data-start=\"1359\" data-end=\"1585\">Nous utilisons des cookies pour am\u00e9liorer l'exp\u00e9rience de l'utilisateur sur notre site web. Pour plus d'informations sur les cookies et pour modifier vos param\u00e8tres de cookies <strong data-start=\"1516\" data-end=\"1560\"><a href=\"https:\/\/luxeonur.com\/fr\/yasal-Uyari\/\" rel=\"noopener\" data-start=\"1518\" data-end=\"1558\">\u00c7erez Politikam\u0131z\u0131<\/a><\/strong> La rubrique contact.<\/p>\n\n\t\t<\/div>\n\t<\/div>\n<\/div><\/div><\/div><\/div><div class=\"vc_row wpb_row vc_row-fluid\"><div class=\"wpb_column vc_column_container vc_col-sm-12\"><div class=\"vc_column-inner\"><div class=\"wpb_wrapper\">\n\t<div class=\"wpb_text_column wpb_content_element\" >\n\t\t<div class=\"wpb_wrapper\">\n\t\t\t<h2 style=\"font-size: 20px;\" data-start=\"1587\" data-end=\"1626\"><strong data-start=\"1590\" data-end=\"1624\">5. le partage des donn\u00e9es \u00e0 caract\u00e8re personnel<\/strong><\/h2>\n<p style=\"font-size: 20px;\" data-start=\"1627\" data-end=\"1696\">Vos donn\u00e9es personnelles peuvent \u00eatre communiqu\u00e9es \u00e0 des tiers dans les cas suivants :<\/p>\n<ul data-start=\"1698\" data-end=\"1849\">\n<li style=\"font-size: 20px;\" data-start=\"1698\" data-end=\"1750\">Prestataires de paiement agr\u00e9\u00e9s pour les op\u00e9rations de paiement<\/li>\n<li style=\"font-size: 20px;\" data-start=\"1751\" data-end=\"1793\">Soci\u00e9t\u00e9s de transport pour la livraison des commandes<\/li>\n<li style=\"font-size: 20px;\" data-start=\"1794\" data-end=\"1849\">Les autorit\u00e9s publiques dans le cadre des obligations l\u00e9gales<\/li>\n<\/ul>\n\n\t\t<\/div>\n\t<\/div>\n<\/div><\/div><\/div><\/div><div class=\"vc_row wpb_row vc_row-fluid\"><div class=\"wpb_column vc_column_container vc_col-sm-12\"><div class=\"vc_column-inner\"><div class=\"wpb_wrapper\">\n\t<div class=\"wpb_text_column wpb_content_element\" >\n\t\t<div class=\"wpb_wrapper\">\n\t\t\t<h2 style=\"font-size: 20px;\" data-start=\"1851\" data-end=\"1888\"><strong data-start=\"1854\" data-end=\"1886\">6. P\u00e9riode de conservation des donn\u00e9es<\/strong><\/h2>\n<p style=\"font-size: 20px;\" data-start=\"1889\" data-end=\"2005\">Vos donn\u00e9es personnelles sont conserv\u00e9es lorsque la finalit\u00e9 du traitement prend fin ou pendant la p\u00e9riode d\u00e9termin\u00e9e par les obligations l\u00e9gales.<\/p>\n\n\t\t<\/div>\n\t<\/div>\n<\/div><\/div><\/div><\/div><div class=\"vc_row wpb_row vc_row-fluid\"><div class=\"wpb_column vc_column_container vc_col-sm-12\"><div class=\"vc_column-inner\"><div class=\"wpb_wrapper\">\n\t<div class=\"wpb_text_column wpb_content_element\" >\n\t\t<div class=\"wpb_wrapper\">\n\t\t\t<h2 style=\"font-size: 20px;\" data-start=\"2007\" data-end=\"2041\"><strong data-start=\"2010\" data-end=\"2039\">7. la s\u00e9curit\u00e9 des donn\u00e9es personnelles<\/strong><\/h2>\n<p style=\"font-size: 20px;\" data-start=\"2042\" data-end=\"2219\">Nous prenons les mesures de s\u00e9curit\u00e9 techniques et administratives n\u00e9cessaires pour prot\u00e9ger vos donn\u00e9es. Toutefois, veuillez noter que les transmissions de donn\u00e9es sur l'internet ne sont pas s\u00fbres \u00e0 100 %.<\/p>\n\n\t\t<\/div>\n\t<\/div>\n<\/div><\/div><\/div><\/div><div class=\"vc_row wpb_row vc_row-fluid\"><div class=\"wpb_column vc_column_container vc_col-sm-12\"><div class=\"vc_column-inner\"><div class=\"wpb_wrapper\">\n\t<div class=\"wpb_text_column wpb_content_element\" >\n\t\t<div class=\"wpb_wrapper\">\n\t\t\t<h2 style=\"font-size: 20px;\" data-start=\"2221\" data-end=\"2250\"><strong data-start=\"2224\" data-end=\"2248\">8. Droit des utilisateurs<\/strong><\/h2>\n<p style=\"font-size: 20px;\" data-start=\"2251\" data-end=\"2335\">Vous disposez des droits suivants dans le cadre de la loi sur la protection des donn\u00e9es personnelles:<\/p>\n<ul data-start=\"2337\" data-end=\"2584\">\n<li style=\"font-size: 20px;\" data-start=\"2337\" data-end=\"2392\">Pour savoir si vos donn\u00e9es personnelles sont trait\u00e9es ou non<\/li>\n<li style=\"font-size: 20px;\" data-start=\"2393\" data-end=\"2437\">En cas de traitement, demander des informations \u00e0 ce sujet<\/li>\n<li style=\"font-size: 20px;\" data-start=\"2438\" data-end=\"2491\">Demander la correction de donn\u00e9es incorrectes ou incompl\u00e8tes<\/li>\n<li style=\"font-size: 20px;\" data-start=\"2492\" data-end=\"2552\">Demander la suppression ou la destruction de vos donn\u00e9es<\/li>\n<li style=\"font-size: 20px;\" data-start=\"2553\" data-end=\"2584\">S'opposer au transfert de donn\u00e9es<\/li>\n<\/ul>\n<p style=\"font-size: 20px;\" data-start=\"2586\" data-end=\"2651\">Pour exercer vos droits, merci de nous \u00e9crire :<\/p>\n<p style=\"font-size: 20px;\" data-start=\"2653\" data-end=\"2728\">\ud83d\udce9 <strong data-start=\"2656\" data-end=\"2668\">E-mail:<\/strong> <a href=\"mailto:info@luxeonur.com\">info@luxeonur.com<\/a><\/p>\n\n\t\t<\/div>\n\t<\/div>\n<\/div><\/div><\/div><\/div><div class=\"vc_row wpb_row vc_row-fluid\"><div class=\"wpb_column vc_column_container vc_col-sm-12\"><div class=\"vc_column-inner\"><div class=\"wpb_wrapper\">\n\t<div class=\"wpb_text_column wpb_content_element\" >\n\t\t<div class=\"wpb_wrapper\">\n\t\t\t<h2 style=\"font-size: 20px;\" data-start=\"2730\" data-end=\"2765\"><strong data-start=\"2733\" data-end=\"2763\">9. Mise \u00e0 jour de la pr\u00e9sente politique<\/strong><\/h2>\n<p style=\"font-size: 20px;\" data-start=\"2766\" data-end=\"2877\">La pr\u00e9sente politique de confidentialit\u00e9 peut \u00eatre mise \u00e0 jour. Les mises \u00e0 jour entrent en vigueur lorsqu'elles sont publi\u00e9es sur notre site web.<\/p>\n<p style=\"font-size: 20px;\" data-start=\"2879\" data-end=\"2908\">Derni\u00e8re mise \u00e0 jour: <strong data-start=\"2895\" data-end=\"2906\">02\/03\/2025<\/strong><\/p>\n\n\t\t<\/div>\n\t<\/div>\n<\/div><\/div><\/div><\/div>\n<\/div>","protected":false},"excerpt":{"rendered":"1. Giri\u015f Bu gizlilik politikas\u0131, Luxe Onur (\u201c\u015eirket\u201d, \u201cBiz\u201d, \u201cBize\u201d) olarak, m\u00fc\u015fterilerimizin ve ziyaret\u00e7ilerimizin ki\u015fisel verilerini nas\u0131l toplad\u0131\u011f\u0131m\u0131z\u0131, kulland\u0131\u011f\u0131m\u0131z\u0131 ve korudu\u011fumuzu a\u00e7\u0131klamaktad\u0131r. Web sitemizi (www.luxeonur.com) ziyaret etti\u011finizde veya hizmetlerimizi kulland\u0131\u011f\u0131n\u0131zda, ki\u015fisel verilerinizin g\u00fcvenli\u011fi bizim i\u00e7in \u00f6nemlidir. 2. Toplanan Ki\u015fisel Veriler Sizden do\u011frudan veya dolayl\u0131 olarak a\u015fa\u011f\u0131daki verileri toplayabiliriz: Kimlik Bilgileri: Ad, soyad, e-posta adresi, telefon<p class=\"link-more\"><a href=\"https:\/\/luxeonur.com\/fr\/gizlilik-politikasi\/\" class=\"more-link\"><span>Read More<\/span><span class=\"meta-nav\">&#8594;<\/span><\/a><\/p>","protected":false},"author":1,"featured_media":0,"parent":0,"menu_order":0,"comment_status":"closed","ping_status":"closed","template":"","meta":{"footnotes":""},"class_list":["post-1373","page","type-page","status-publish","hentry"],"jetpack_sharing_enabled":true,"_links":{"self":[{"href":"https:\/\/luxeonur.com\/fr\/wp-json\/wp\/v2\/pages\/1373","targetHints":{"allow":["GET"]}}],"collection":[{"href":"https:\/\/luxeonur.com\/fr\/wp-json\/wp\/v2\/pages"}],"about":[{"href":"https:\/\/luxeonur.com\/fr\/wp-json\/wp\/v2\/types\/page"}],"author":[{"embeddable":true,"href":"https:\/\/luxeonur.com\/fr\/wp-json\/wp\/v2\/users\/1"}],"replies":[{"embeddable":true,"href":"https:\/\/luxeonur.com\/fr\/wp-json\/wp\/v2\/comments?post=1373"}],"version-history":[{"count":5,"href":"https:\/\/luxeonur.com\/fr\/wp-json\/wp\/v2\/pages\/1373\/revisions"}],"predecessor-version":[{"id":1465,"href":"https:\/\/luxeonur.com\/fr\/wp-json\/wp\/v2\/pages\/1373\/revisions\/1465"}],"wp:attachment":[{"href":"https:\/\/luxeonur.com\/fr\/wp-json\/wp\/v2\/media?parent=1373"}],"curies":[{"name":"wp","href":"https:\/\/api.w.org\/{rel}","templated":true}]}}