{"id":1376,"date":"2025-02-28T09:51:07","date_gmt":"2025-02-28T08:51:07","guid":{"rendered":"https:\/\/luxeonur.com\/?page_id=1376"},"modified":"2025-03-03T11:32:48","modified_gmt":"2025-03-03T10:32:48","slug":"yasal-uyari","status":"publish","type":"page","link":"https:\/\/luxeonur.com\/fr\/yasal-uyari\/","title":{"rendered":"Mentions l\u00e9gales"},"content":{"rendered":"<div class=\"wpb-content-wrapper\"><div class=\"vc_row wpb_row vc_row-fluid\"><div class=\"wpb_column vc_column_container vc_col-sm-12\"><div class=\"vc_column-inner\"><div class=\"wpb_wrapper\">\n\t<div class=\"wpb_text_column wpb_content_element\" >\n\t\t<div class=\"wpb_wrapper\">\n\t\t\t<h2 style=\"font-size: 20px;\" data-start=\"106\" data-end=\"132\"><strong data-start=\"109\" data-end=\"130\">1. Informations g\u00e9n\u00e9rales<\/strong><\/h2>\n<p style=\"font-size: 20px;\" data-start=\"133\" data-end=\"365\">Le pr\u00e9sent site web<strong data-start=\"148\" data-end=\"175\">www.luxeonur.com<\/strong>) <strong data-start=\"177\" data-end=\"201\">de ce site Web appartient \u00e0 Luxe Onur<\/strong> est exploit\u00e9 par Luxe Honour (\u00ab la soci\u00e9t\u00e9 \u00bb, \u00ab nous \u00bb).  Tous les utilisateurs qui visitent notre site web et utilisent nos services sont r\u00e9put\u00e9s avoir accept\u00e9 les conditions juridiques suivantes.<\/p>\n<ul>\n<li data-start=\"133\" data-end=\"365\">SIREN: 901 036 806<\/li>\n<li data-start=\"133\" data-end=\"365\">Code APE: 7311Z<\/li>\n<li data-start=\"133\" data-end=\"365\">Adresse du si\u00e8ge: 35 AV JEAN MOULIN 07100 ANNONAY FRANCE<\/li>\n<\/ul>\n<p style=\"font-size: 20px;\" data-start=\"367\" data-end=\"503\">Veuillez lire attentivement les conditions suivantes. Si vous n'acceptez pas ces conditions, vous devez vous abstenir d'utiliser notre site web.<\/p>\n\n\t\t<\/div>\n\t<\/div>\n<\/div><\/div><\/div><\/div><div class=\"vc_row wpb_row vc_row-fluid\"><div class=\"wpb_column vc_column_container vc_col-sm-12\"><div class=\"vc_column-inner\"><div class=\"wpb_wrapper\">\n\t<div class=\"wpb_text_column wpb_content_element\" >\n\t\t<div class=\"wpb_wrapper\">\n\t\t\t<h2 style=\"font-size: 20px;\" data-start=\"505\" data-end=\"539\"><strong data-start=\"508\" data-end=\"537\">2. les droits de propri\u00e9t\u00e9 intellectuelle<\/strong><\/h2>\n<p style=\"font-size: 20px;\" data-start=\"540\" data-end=\"810\">Tout le contenu (y compris, mais sans s'y limiter, les textes, les images, les graphiques, les logos, les vid\u00e9os, les dessins et les logiciels) <strong data-start=\"698\" data-end=\"722\">de ce site Web appartient \u00e0 Luxe Onur<\/strong>\u2019na aittir ve <strong data-start=\"736\" data-end=\"782\">Fikir ve Sanat Eserleri Kanunu<\/strong> et est prot\u00e9g\u00e9 par la loi sur les \u0153uvres intellectuelles et artistiques.<\/p>\n<ul data-start=\"812\" data-end=\"1042\">\n<li style=\"font-size: 20px;\" data-start=\"812\" data-end=\"946\">Le contenu du site ne peut \u00eatre copi\u00e9, distribu\u00e9, modifi\u00e9 ou utilis\u00e9 \u00e0 des fins commerciales sans autorisation \u00e9crite.<\/li>\n<li style=\"font-size: 20px;\" data-start=\"947\" data-end=\"1042\">Il est de la responsabilit\u00e9 des utilisateurs de ne pas porter atteinte aux droits de propri\u00e9t\u00e9 intellectuelle de tiers.<\/li>\n<\/ul>\n\n\t\t<\/div>\n\t<\/div>\n<\/div><\/div><\/div><\/div><div class=\"vc_row wpb_row vc_row-fluid\"><div class=\"wpb_column vc_column_container vc_col-sm-12\"><div class=\"vc_column-inner\"><div class=\"wpb_wrapper\">\n\t<div class=\"wpb_text_column wpb_content_element\" >\n\t\t<div class=\"wpb_wrapper\">\n\t\t\t<h2 style=\"font-size: 20px;\" data-start=\"1044\" data-end=\"1079\"><strong data-start=\"1047\" data-end=\"1077\">3. l'exclusion de responsabilit\u00e9<\/strong><\/h2>\n<p style=\"font-size: 20px;\" data-start=\"1080\" data-end=\"1234\">Bien que nous nous efforcions de maintenir les informations fournies sur notre site web \u00e0 jour et exactes, veuillez noter qu'il peut y avoir des erreurs, des omissions ou la n\u00e9cessit\u00e9 de mettre \u00e0 jour le contenu.<\/p>\n<ul data-start=\"1236\" data-end=\"1585\">\n<li style=\"font-size: 20px;\" data-start=\"1236\" data-end=\"1354\"><strong data-start=\"1238\" data-end=\"1352\">Notre soci\u00e9t\u00e9 ne garantit pas l'exactitude, l'exhaustivit\u00e9 ou l'actualit\u00e9 des informations fournies sur le site web.<\/strong><\/li>\n<li style=\"font-size: 20px;\" data-start=\"1355\" data-end=\"1509\">Aucune responsabilit\u00e9 n'est accept\u00e9e en cas d'erreurs, d'interruptions, de probl\u00e8mes techniques ou de dommages caus\u00e9s par des liens de tiers sur le site web.<\/li>\n<li style=\"font-size: 20px;\" data-start=\"1510\" data-end=\"1585\">Les utilisateurs utilisent le site web \u00e0 leurs propres risques.<\/li>\n<\/ul>\n\n\t\t<\/div>\n\t<\/div>\n<\/div><\/div><\/div><\/div><div class=\"vc_row wpb_row vc_row-fluid\"><div class=\"wpb_column vc_column_container vc_col-sm-12\"><div class=\"vc_column-inner\"><div class=\"wpb_wrapper\">\n\t<div class=\"wpb_text_column wpb_content_element\" >\n\t\t<div class=\"wpb_wrapper\">\n\t\t\t<h2 style=\"font-size: 20px;\" data-start=\"1587\" data-end=\"1624\"><strong data-start=\"1590\" data-end=\"1622\">4. liens avec des tiers<\/strong><\/h2>\n<p style=\"font-size: 20px;\" data-start=\"1625\" data-end=\"1959\">Notre site web peut contenir des liens vers des sites de tiers. Ces liens sont uniquement destin\u00e9s \u00e0 des fins d'information, <strong>de ce site Web appartient \u00e0 Luxe Onur<\/strong> n'est pas responsable du contenu ou des politiques de confidentialit\u00e9 de ces sites. Les utilisateurs doivent consulter les politiques de confidentialit\u00e9 et de s\u00e9curit\u00e9 des sites concern\u00e9s avant de cliquer sur ces liens.<\/p>\n\n\t\t<\/div>\n\t<\/div>\n<\/div><\/div><\/div><\/div><div class=\"vc_row wpb_row vc_row-fluid\"><div class=\"wpb_column vc_column_container vc_col-sm-12\"><div class=\"vc_column-inner\"><div class=\"wpb_wrapper\">\n\t<div class=\"wpb_text_column wpb_content_element\" >\n\t\t<div class=\"wpb_wrapper\">\n\t\t\t<h2 style=\"font-size: 20px;\" data-start=\"1961\" data-end=\"1997\"><strong data-start=\"1964\" data-end=\"1995\">5. les obligations de l'utilisateur<\/strong><\/h2>\n<p style=\"font-size: 20px;\" data-start=\"1998\" data-end=\"2067\">Vous devez respecter les r\u00e8gles suivantes lorsque vous utilisez notre site web :<\/p>\n<ul data-start=\"2069\" data-end=\"2379\">\n<li style=\"font-size: 20px;\" data-start=\"2069\" data-end=\"2141\">Ne pas utiliser le site web \u00e0 des fins ill\u00e9gales ou frauduleuses.<\/li>\n<li style=\"font-size: 20px;\" data-start=\"2142\" data-end=\"2214\">Ne pas collecter ou partager les donn\u00e9es personnelles d'autrui sans autorisation.<\/li>\n<li style=\"font-size: 20px;\" data-start=\"2215\" data-end=\"2298\">Ne pas installer de virus ou de logiciels malveillants susceptibles d'endommager le site web.<\/li>\n<li style=\"font-size: 20px;\" data-start=\"2299\" data-end=\"2379\">Ne pas publier de contenu trompeur, ill\u00e9gal ou immoral sur le site web.<\/li>\n<\/ul>\n<p style=\"font-size: 20px;\" data-start=\"2381\" data-end=\"2474\">Nous nous r\u00e9servons le droit d'engager des poursuites judiciaires \u00e0 l'encontre des utilisateurs qui enfreignent les r\u00e8gles.<\/p>\n\n\t\t<\/div>\n\t<\/div>\n<\/div><\/div><\/div><\/div><div class=\"vc_row wpb_row vc_row-fluid\"><div class=\"wpb_column vc_column_container vc_col-sm-12\"><div class=\"vc_column-inner\"><div class=\"wpb_wrapper\">\n\t<div class=\"wpb_text_column wpb_content_element\" >\n\t\t<div class=\"wpb_wrapper\">\n\t\t\t<h2 style=\"font-size: 20px;\" data-start=\"2476\" data-end=\"2538\"><strong data-start=\"2479\" data-end=\"2536\">6. la politique de confidentialit\u00e9 et la protection des donn\u00e9es personnelles<\/strong><\/h2>\n<p style=\"font-size: 20px;\" data-start=\"2539\" data-end=\"2826\">Les donn\u00e9es personnelles des utilisateurs<strong data-start=\"2571\" data-end=\"2618\">Ki\u015fisel Verilerin Korunmas\u0131 Kanunu (KVKK))<\/strong> sont prot\u00e9g\u00e9es conform\u00e9ment \u00e0 la loi sur la protection des donn\u00e9es personnelles (KVKK) et aux r\u00e9glementations l\u00e9gales connexes. Pour des informations d\u00e9taill\u00e9es sur le traitement et l'utilisation des donn\u00e9es personnelles, vous pouvez consulter notre politique de confidentialit\u00e9. <a href=\"https:\/\/luxeonur.com\/fr\/gizlilik-politikasi\/\"><strong data-start=\"2752\" data-end=\"2804\">Gizlilik Politikam\u0131z\u0131<\/strong><\/a> inceleyebilirsiniz.<\/p>\n\n\t\t<\/div>\n\t<\/div>\n<\/div><\/div><\/div><\/div><div class=\"vc_row wpb_row vc_row-fluid\"><div class=\"wpb_column vc_column_container vc_col-sm-12\"><div class=\"vc_column-inner\"><div class=\"wpb_wrapper\">\n\t<div class=\"wpb_text_column wpb_content_element\" >\n\t\t<div class=\"wpb_wrapper\">\n\t\t\t<h2 style=\"font-size: 20px;\" data-start=\"2828\" data-end=\"2878\"><strong data-start=\"2831\" data-end=\"2876\">7. litiges juridiques et tribunaux comp\u00e9tents<\/strong><\/h2>\n<p style=\"font-size: 20px;\" data-start=\"2879\" data-end=\"3054\">Le pr\u00e9sent avis <strong data-start=\"2900\" data-end=\"2934\">de non-responsabilit\u00e9 est r\u00e9gi<\/strong> par les lois de la R\u00e9publique fran\u00e7aise. <strong data-start=\"2975\" data-end=\"3040\">En cas de litige, les tribunaux fran\u00e7ais et les bureaux d'ex\u00e9cution<\/strong> sont comp\u00e9tents.<\/p>\n\n\t\t<\/div>\n\t<\/div>\n<\/div><\/div><\/div><\/div><div class=\"vc_row wpb_row vc_row-fluid\"><div class=\"wpb_column vc_column_container vc_col-sm-12\"><div class=\"vc_column-inner\"><div class=\"wpb_wrapper\">\n\t<div class=\"wpb_text_column wpb_content_element\" >\n\t\t<div class=\"wpb_wrapper\">\n\t\t\t<h2 style=\"font-size: 20px;\" data-start=\"3056\" data-end=\"3098\"><strong data-start=\"3059\" data-end=\"3096\">8. mises \u00e0 jour et modifications<\/strong><\/h2>\n<p style=\"font-size: 20px;\" data-start=\"3099\" data-end=\"3257\"><strong data-start=\"3099\" data-end=\"3123\">de ce site Web appartient \u00e0 Luxe Onur<\/strong>se r\u00e9serve le droit de mettre \u00e0 jour cet avis juridique \u00e0 tout moment. Les mises \u00e0 jour entrent en vigueur d\u00e8s leur publication sur notre site web.<\/p>\n<p style=\"font-size: 20px;\" data-start=\"3259\" data-end=\"3291\">Derni\u00e8re mise \u00e0 jour: <strong data-start=\"3278\" data-end=\"3289\">02\/03\/2025<\/strong><\/p>\n\n\t\t<\/div>\n\t<\/div>\n<\/div><\/div><\/div><\/div>\n<\/div>","protected":false},"excerpt":{"rendered":"1. Genel Bilgiler Bu web sitesi (www.luxeonur.com) Luxe Onur (\u201c\u015eirket\u201d, \u201cBiz\u201d) taraf\u0131ndan i\u015fletilmektedir. Web sitemizi ziyaret eden ve hizmetlerimizi kullanan t\u00fcm kullan\u0131c\u0131lar a\u015fa\u011f\u0131daki yasal \u015fartlar\u0131 kabul etmi\u015f say\u0131l\u0131r. SIREN: 901 036 806 Code APE: 7311Z Adresse du si\u00e8ge: 35 AV JEAN MOULIN 07100 ANNONAY FRANCE L\u00fctfen a\u015fa\u011f\u0131da belirtilen \u015fartlar\u0131 dikkatlice okuyunuz. E\u011fer bu \u015fartlar\u0131 kabul<p class=\"link-more\"><a href=\"https:\/\/luxeonur.com\/fr\/yasal-uyari\/\" class=\"more-link\"><span>Read More<\/span><span class=\"meta-nav\">&#8594;<\/span><\/a><\/p>","protected":false},"author":1,"featured_media":0,"parent":0,"menu_order":0,"comment_status":"closed","ping_status":"closed","template":"","meta":{"footnotes":""},"class_list":["post-1376","page","type-page","status-publish","hentry"],"jetpack_sharing_enabled":true,"_links":{"self":[{"href":"https:\/\/luxeonur.com\/fr\/wp-json\/wp\/v2\/pages\/1376","targetHints":{"allow":["GET"]}}],"collection":[{"href":"https:\/\/luxeonur.com\/fr\/wp-json\/wp\/v2\/pages"}],"about":[{"href":"https:\/\/luxeonur.com\/fr\/wp-json\/wp\/v2\/types\/page"}],"author":[{"embeddable":true,"href":"https:\/\/luxeonur.com\/fr\/wp-json\/wp\/v2\/users\/1"}],"replies":[{"embeddable":true,"href":"https:\/\/luxeonur.com\/fr\/wp-json\/wp\/v2\/comments?post=1376"}],"version-history":[{"count":5,"href":"https:\/\/luxeonur.com\/fr\/wp-json\/wp\/v2\/pages\/1376\/revisions"}],"predecessor-version":[{"id":1650,"href":"https:\/\/luxeonur.com\/fr\/wp-json\/wp\/v2\/pages\/1376\/revisions\/1650"}],"wp:attachment":[{"href":"https:\/\/luxeonur.com\/fr\/wp-json\/wp\/v2\/media?parent=1376"}],"curies":[{"name":"wp","href":"https:\/\/api.w.org\/{rel}","templated":true}]}}