{"id":1441,"date":"2025-03-01T16:49:39","date_gmt":"2025-03-01T15:49:39","guid":{"rendered":"https:\/\/luxeonur.com\/?page_id=1441"},"modified":"2025-03-14T00:07:56","modified_gmt":"2025-03-13T23:07:56","slug":"urunler","status":"publish","type":"page","link":"https:\/\/luxeonur.com\/fr\/urunler\/","title":{"rendered":"Produits"},"content":{"rendered":"<div class=\"wpb-content-wrapper\"><div class=\"vc_row wpb_row vc_row-fluid\"><div class=\"wpb_column vc_column_container vc_col-sm-12\"><div class=\"vc_column-inner\"><div class=\"wpb_wrapper\"><div id=\"sns_products_ajaxtab_19333519541778160297\" class=\"sns-products-ajaxtab woocommerce nav-in-middlebox ajaxtab-byorderby template-loadmore\" data-usenav=\"1\" data-usepaging=\"2\" data-tabtype=\"1\" data-gridstyle=\"\" data-template=\"2\" data-desktop=\"5\" data-tabletl=\"3\" data-tabletp=\"2\" data-mobilel=\"2\" data-mobilep=\"1\" data-row=\"1\" data-limit=\"16\" data-effect=\"simple-effect\" data-cat=\"\" data-uq=\"19333519541778160297\" data-showmore=\"6\">\n\t<div class=\"header-tab\">\n\t\t\t\t<!-- Tabs to click ajax -->\n<ul class=\"nav-tabs hidden-sm hidden-xs\">\n\t<li class=\"recent\">\n\t\t<a href=\"#recent_19333519541778160297\" data-toggle=\"tab\" data-order=\"recent\">Latest<\/a>\n\t<\/li>\n\t<li class=\"best_selling\">\n\t\t<a href=\"#best_selling_19333519541778160297\" data-toggle=\"tab\" data-order=\"best_selling\">Best Seller<\/a>\n\t<\/li>\n\t<li class=\"top_rate\">\n\t\t<a href=\"#top_rate_19333519541778160297\" data-toggle=\"tab\" data-order=\"top_rate\">Top Rated<\/a>\n\t<\/li>\n\t<li class=\"on_sale\">\n\t\t<a href=\"#on_sale_19333519541778160297\" data-toggle=\"tab\" data-order=\"on_sale\">Special<\/a>\n\t<\/li>\n\t<li class=\"featured_product\">\n\t\t<a href=\"#featured_product_19333519541778160297\" data-toggle=\"tab\" data-order=\"featured_product\">Featured<\/a>\n\t<\/li>\n\t<li class=\"\">\n\t\t<a href=\"#_19333519541778160297\" data-toggle=\"tab\" data-order=\"\"><\/a>\n\t<\/li>\n<\/ul>\n<ul class=\"tab-drop-nav\">\n    <li class=\"dropdown pull-right tabdrop hidden-lg hidden-md\">\n        <a href=\"#\" data-toggle=\"dropdown\" class=\"dropdown-toggle ion-navicon fa fa-bars\"><\/a>\n        <ul class=\"dropdown-menu\">\n            \t\t\t\t<li class=\"recent\">\n\t\t\t\t\t<a href=\"#recent_19333519541778160297\" data-toggle=\"tab\" data-order=\"recent\">Latest<\/a>\n\t\t\t\t<\/li>\n\t\t\t\t\t\t\t<li class=\"best_selling\">\n\t\t\t\t\t<a href=\"#best_selling_19333519541778160297\" data-toggle=\"tab\" data-order=\"best_selling\">Best Seller<\/a>\n\t\t\t\t<\/li>\n\t\t\t\t\t\t\t<li class=\"top_rate\">\n\t\t\t\t\t<a href=\"#top_rate_19333519541778160297\" data-toggle=\"tab\" data-order=\"top_rate\">Top Rated<\/a>\n\t\t\t\t<\/li>\n\t\t\t\t\t\t\t<li class=\"on_sale\">\n\t\t\t\t\t<a href=\"#on_sale_19333519541778160297\" data-toggle=\"tab\" data-order=\"on_sale\">Special<\/a>\n\t\t\t\t<\/li>\n\t\t\t\t\t\t\t<li class=\"featured_product\">\n\t\t\t\t\t<a href=\"#featured_product_19333519541778160297\" data-toggle=\"tab\" data-order=\"featured_product\">Featured<\/a>\n\t\t\t\t<\/li>\n\t\t\t\t\t\t\t<li class=\"\">\n\t\t\t\t\t<a href=\"#_19333519541778160297\" data-toggle=\"tab\" data-order=\"\"><\/a>\n\t\t\t\t<\/li>\n\t\t\t        <\/ul>\n    <\/li>\n<\/ul>\t<\/div>\n\t<div class=\"content-tab\">\n\t\t<div class=\"content-tab-inner\">\n\t\t\t<div id=\"recent_19333519541778160297\" class=\"prdlist-content grid-style\">\n    <div class=\"ajaxtab-products product_list grid style  simple-effect\" data-size=\"3\">\n        <div class=\"col-lg-2_4 col-md-4 col-sm-6 col-xs-6 col-phone-12 grid-style post-2426 product type-product status-publish has-post-thumbnail product_cat-uncategorized first instock featured taxable shipping-taxable purchasable product-type-simple\">\n\t<div class=\"block-product-inner grid-view style1 product-inner\">\n\t<div class=\"item-inner\">\n\t\t<div class=\"visible-part clearfix\">\n\t\t\t<div class=\"item-img-info\">\n\t\t\t\t<a class=\"product-image\" href=\"https:\/\/luxeonur.com\/fr\/produit\/lugowell-2-iyot-damlasi\/\">\n<img loading=\"lazy\" decoding=\"async\" width=\"1946\" height=\"2125\" src=\"https:\/\/luxeonur.com\/wp-content\/uploads\/2025\/04\/iyot.webp\" class=\"attachment-shop_catalog size-shop_catalog wp-post-image\" alt=\"\" srcset=\"https:\/\/luxeonur.com\/wp-content\/uploads\/2025\/04\/iyot.webp 1946w, https:\/\/luxeonur.com\/wp-content\/uploads\/2025\/04\/iyot-275x300.webp 275w, https:\/\/luxeonur.com\/wp-content\/uploads\/2025\/04\/iyot-938x1024.webp 938w, https:\/\/luxeonur.com\/wp-content\/uploads\/2025\/04\/iyot-768x839.webp 768w, https:\/\/luxeonur.com\/wp-content\/uploads\/2025\/04\/iyot-1407x1536.webp 1407w, https:\/\/luxeonur.com\/wp-content\/uploads\/2025\/04\/iyot-1875x2048.webp 1875w, https:\/\/luxeonur.com\/wp-content\/uploads\/2025\/04\/iyot-11x12.webp 11w, https:\/\/luxeonur.com\/wp-content\/uploads\/2025\/04\/iyot-600x655.webp 600w\" sizes=\"auto, (max-width: 1946px) 100vw, 1946px\" \/>\t\t\t\t<\/a>\n\t\t\t\t<div class=\"after-prd-img\"><div class=\"wl-prdimg\"><div class=\"yith-add-to-wishlist-button-block\" data-product-id=\"2426\" data-attributes=\"{&quot;kind&quot;:&quot;button&quot;}\"><\/div><\/div><\/div>\n\t\t\t<\/div>\n\t\t\t<div class=\"item-info\">\n<div class=\"item-title woocommerce-loop-product__title\"><a href=\"https:\/\/luxeonur.com\/fr\/produit\/lugowell-2-iyot-damlasi\/\" title=\"Lugowell %2 \u0130yot Damlas\u0131\">Lugowell %2 \u0130yot Damlas\u0131<\/a><\/div>\n\t<span class=\"price\"><span class=\"woocommerce-Price-amount amount\"><bdi>22,99&nbsp;<span class=\"woocommerce-Price-currencySymbol\">&euro;<\/span><\/bdi><\/span><\/span>\n\t\t\t<\/div>\n\t\t<\/div>\n\t\t<div class=\"hover-part\">\n\t\t\t<div class=\"action-wrap\">\n\t\t\t\t<div class=\"buttons-action\"><div class=\"inner\">\n            <div class=\"cart-wrap\">\n            <a href=\"\/fr\/wp-json\/wp\/v2\/pages\/1441?add-to-cart=2426\"  data-quantity=\"1\" class=\"button product_type_simple add_to_cart_button ajax_add_to_cart\" data-product_id=\"2426\" data-product_sku=\"\" aria-label=\"Ajouter au panier\u00a0: \u201cLugowell %2 \u0130yot Damlas\u0131\u201d\" rel=\"nofollow\" data-no-translation=\"\" data-trp-gettext=\"\" data-no-translation-aria-label=\"\">Ajouter au panier<\/a>            <\/div>\n                        <a href=\"\/fr\/wp-json\/wp\/v2\/pages\/1441?action=yith-woocompare-add-product&#038;id=2426&#038;_wpnonce=a6cd5e27d9\" class=\"compare btn btn-primary-outline\" data-product_id=\"2426\">\n            Compare            <\/a>\n            <a href=\"#\" class=\"button yith-wcqv-button\" data-product_id=\"2426\">Vue Rapide<\/a>\t\t\t\t<\/div><\/div>\n\t\t\t<\/div>\n\t\t<\/div>\n\t<\/div>\n<\/div><\/div>\n<div class=\"col-lg-2_4 col-md-4 col-sm-6 col-xs-6 col-phone-12 grid-style post-2376 product type-product status-publish has-post-thumbnail product_cat-temizlik instock featured taxable shipping-taxable purchasable product-type-simple\">\n\t<div class=\"block-product-inner grid-view style1 product-inner\">\n\t<div class=\"item-inner\">\n\t\t<div class=\"visible-part clearfix\">\n\t\t\t<div class=\"item-img-info\">\n\t\t\t\t<a class=\"product-image\" href=\"https:\/\/luxeonur.com\/fr\/produit\/fisfis\/\">\n<img loading=\"lazy\" decoding=\"async\" width=\"720\" height=\"720\" src=\"https:\/\/luxeonur.com\/wp-content\/uploads\/2025\/03\/pusspuss.jpg\" class=\"attachment-shop_catalog size-shop_catalog wp-post-image\" alt=\"\" srcset=\"https:\/\/luxeonur.com\/wp-content\/uploads\/2025\/03\/pusspuss.jpg 720w, https:\/\/luxeonur.com\/wp-content\/uploads\/2025\/03\/pusspuss-300x300.jpg 300w, https:\/\/luxeonur.com\/wp-content\/uploads\/2025\/03\/pusspuss-150x150.jpg 150w, https:\/\/luxeonur.com\/wp-content\/uploads\/2025\/03\/pusspuss-12x12.jpg 12w, https:\/\/luxeonur.com\/wp-content\/uploads\/2025\/03\/pusspuss-600x600.jpg 600w, https:\/\/luxeonur.com\/wp-content\/uploads\/2025\/03\/pusspuss-100x100.jpg 100w\" sizes=\"auto, (max-width: 720px) 100vw, 720px\" \/>\t\t\t\t<\/a>\n\t\t\t\t<div class=\"after-prd-img\"><div class=\"wl-prdimg\"><div class=\"yith-add-to-wishlist-button-block\" data-product-id=\"2376\" data-attributes=\"{&quot;kind&quot;:&quot;button&quot;}\"><\/div><\/div><\/div>\n\t\t\t<\/div>\n\t\t\t<div class=\"item-info\">\n<div class=\"item-title woocommerce-loop-product__title\"><a href=\"https:\/\/luxeonur.com\/fr\/produit\/fisfis\/\" title=\"leke cikartici puskurtme fisfis\">leke cikartici puskurtme fisfis<\/a><\/div>\n\t<span class=\"price\"><span class=\"woocommerce-Price-amount amount\"><bdi>2,00&nbsp;<span class=\"woocommerce-Price-currencySymbol\">&euro;<\/span><\/bdi><\/span><\/span>\n\t\t\t<\/div>\n\t\t<\/div>\n\t\t<div class=\"hover-part\">\n\t\t\t<div class=\"action-wrap\">\n\t\t\t\t<div class=\"buttons-action\"><div class=\"inner\">\n            <div class=\"cart-wrap\">\n            <a href=\"\/fr\/wp-json\/wp\/v2\/pages\/1441?add-to-cart=2376\"  data-quantity=\"1\" class=\"button product_type_simple add_to_cart_button ajax_add_to_cart\" data-product_id=\"2376\" data-product_sku=\"\" aria-label=\"Ajouter au panier\u00a0: \u201cleke cikartici puskurtme fisfis\u201d\" rel=\"nofollow\" data-no-translation=\"\" data-trp-gettext=\"\" data-no-translation-aria-label=\"\">Ajouter au panier<\/a>            <\/div>\n                        <a href=\"\/fr\/wp-json\/wp\/v2\/pages\/1441?action=yith-woocompare-add-product&#038;id=2376&#038;_wpnonce=a6cd5e27d9\" class=\"compare btn btn-primary-outline\" data-product_id=\"2376\">\n            Compare            <\/a>\n            <a href=\"#\" class=\"button yith-wcqv-button\" data-product_id=\"2376\">Vue Rapide<\/a>\t\t\t\t<\/div><\/div>\n\t\t\t<\/div>\n\t\t<\/div>\n\t<\/div>\n<\/div><\/div>\n<div class=\"col-lg-2_4 col-md-4 col-sm-6 col-xs-6 col-phone-12 grid-style post-447 product type-product status-publish has-post-thumbnail product_cat-temizlik product_tag-interior product_tag-lighting instock featured taxable shipping-taxable purchasable product-type-simple\">\n\t<div class=\"block-product-inner grid-view style1 product-inner\">\n\t<div class=\"item-inner\">\n\t\t<div class=\"visible-part clearfix\">\n\t\t\t<div class=\"item-img-info\">\n\t\t\t\t<a class=\"product-image\" href=\"https:\/\/luxeonur.com\/fr\/produit\/luxe-onur-leke-cikaricisi-yastik-hali-ve-kanepelerdeki-lekeleri-giderir\/\">\n<img loading=\"lazy\" decoding=\"async\" width=\"1080\" height=\"1350\" src=\"https:\/\/luxeonur.com\/wp-content\/uploads\/2018\/06\/WhatsApp-Image-2025-02-28-at-12.46.31.jpeg\" class=\"attachment-shop_catalog size-shop_catalog wp-post-image\" alt=\"\" \/>\t\t\t\t<\/a>\n\t\t\t\t<div class=\"after-prd-img\"><div class=\"wl-prdimg\"><div class=\"yith-add-to-wishlist-button-block\" data-product-id=\"447\" data-attributes=\"{&quot;kind&quot;:&quot;button&quot;}\"><\/div><\/div><\/div>\n\t\t\t<\/div>\n\t\t\t<div class=\"item-info\">\n<div class=\"item-title woocommerce-loop-product__title\"><a href=\"https:\/\/luxeonur.com\/fr\/produit\/luxe-onur-leke-cikaricisi-yastik-hali-ve-kanepelerdeki-lekeleri-giderir\/\" title=\"D\u00e9tachant - Enl\u00e8ve les taches sur les oreillers, les tapis et les canap\u00e9s\">D\u00e9tachant - Enl\u00e8ve les taches sur les oreillers, les tapis et les canap\u00e9s<\/a><\/div>\n\t<span class=\"price\"><span class=\"woocommerce-Price-amount amount\"><bdi>16,99&nbsp;<span class=\"woocommerce-Price-currencySymbol\">&euro;<\/span><\/bdi><\/span><\/span>\n\t\t\t<\/div>\n\t\t<\/div>\n\t\t<div class=\"hover-part\">\n\t\t\t<div class=\"action-wrap\">\n\t\t\t\t<div class=\"buttons-action\"><div class=\"inner\">\n            <div class=\"cart-wrap\">\n            <a href=\"\/fr\/wp-json\/wp\/v2\/pages\/1441?add-to-cart=447\"  data-quantity=\"1\" class=\"button product_type_simple add_to_cart_button ajax_add_to_cart\" data-product_id=\"447\" data-product_sku=\"\" aria-label=\"Ajouter au panier\u00a0: \u201cLuxe Onur leke \u00e7\u0131kar\u0131c\u0131s\u0131 \u2013 Yast\u0131k, Hal\u0131 ve Kanepelerdeki Lekeleri Giderir\u201d\" rel=\"nofollow\" data-no-translation=\"\" data-trp-gettext=\"\" data-no-translation-aria-label=\"\">Ajouter au panier<\/a>            <\/div>\n                        <a href=\"\/fr\/wp-json\/wp\/v2\/pages\/1441?action=yith-woocompare-add-product&#038;id=447&#038;_wpnonce=a6cd5e27d9\" class=\"compare btn btn-primary-outline\" data-product_id=\"447\">\n            Compare            <\/a>\n            <a href=\"#\" class=\"button yith-wcqv-button\" data-product_id=\"447\">Vue Rapide<\/a>\t\t\t\t<\/div><\/div>\n\t\t\t<\/div>\n\t\t<\/div>\n\t<\/div>\n<\/div><\/div>\n    <\/div>\n            <div class=\"sns-woo-loadmore-wrap\"><div id=\"sns_woo_loadmore_recent_19333519541778160297\" class=\"sns-woo-loadmore btn\"\n            data-order=\"recent\"\n            data-cat=\"\"\n            data-start=\"5\"\n            data-loadtext=\"Load more item\"\n            data-loadingtext=\"Loading...\"\n            data-loadedtext=\"All ready\">Load more item<\/div><\/div>\n    <\/div>\t\t<\/div>\n\t<\/div>\n<\/div>\n\t<\/div><\/div><\/div><\/div><div class=\"vc_row wpb_row vc_row-fluid\"><div class=\"wpb_column vc_column_container vc_col-sm-12\"><div class=\"vc_column-inner\"><div class=\"wpb_wrapper\"><\/div><\/div><\/div><\/div>\n<\/div>","protected":false},"excerpt":{"rendered":"\ud83d\udd39Kuma\u015f ve deri temizleyici D\u00f6\u015feme, suni deri, giysi, hal\u0131, araba koltuklar\u0131ndaki yiyecek, meyve, makyaj ve kan lekelerini kolayca ve etkili bir \u015fekilde \u00e7\u0131kar\u0131r. Forte Tekstil Temizleyiciyi kirli y\u00fczeye yay\u0131n ve lekeleri temiz bir bezle silin. Daha b\u00fcy\u00fck lekeler i\u00e7in g\u00f6ze \u00e7arpmayan bir alanda test edin. \u00dcr\u00fcn\u00fc kullanmadan \u00f6nce temizleme ve kullanma talimatlar\u0131n\u0131 okuyun. G\u00fc\u00e7l\u00fc Kuma\u015f<p class=\"link-more\"><a href=\"https:\/\/luxeonur.com\/fr\/produit\/luxe-onur-leke-cikaricisi-yastik-hali-ve-kanepelerdeki-lekeleri-giderir\/\" class=\"more-link\"><span>Read More<\/span><span class=\"meta-nav\">&#8594;<\/span><\/a><\/p>","protected":false},"author":1,"featured_media":0,"parent":0,"menu_order":0,"comment_status":"closed","ping_status":"closed","template":"","meta":{"footnotes":""},"class_list":["post-1441","page","type-page","status-publish","hentry"],"jetpack_sharing_enabled":true,"_links":{"self":[{"href":"https:\/\/luxeonur.com\/fr\/wp-json\/wp\/v2\/pages\/1441","targetHints":{"allow":["GET"]}}],"collection":[{"href":"https:\/\/luxeonur.com\/fr\/wp-json\/wp\/v2\/pages"}],"about":[{"href":"https:\/\/luxeonur.com\/fr\/wp-json\/wp\/v2\/types\/page"}],"author":[{"embeddable":true,"href":"https:\/\/luxeonur.com\/fr\/wp-json\/wp\/v2\/users\/1"}],"replies":[{"embeddable":true,"href":"https:\/\/luxeonur.com\/fr\/wp-json\/wp\/v2\/comments?post=1441"}],"version-history":[{"count":16,"href":"https:\/\/luxeonur.com\/fr\/wp-json\/wp\/v2\/pages\/1441\/revisions"}],"predecessor-version":[{"id":2172,"href":"https:\/\/luxeonur.com\/fr\/wp-json\/wp\/v2\/pages\/1441\/revisions\/2172"}],"wp:attachment":[{"href":"https:\/\/luxeonur.com\/fr\/wp-json\/wp\/v2\/media?parent=1441"}],"curies":[{"name":"wp","href":"https:\/\/api.w.org\/{rel}","templated":true}]}}