{"id":1444,"date":"2025-03-01T16:50:27","date_gmt":"2025-03-01T15:50:27","guid":{"rendered":"https:\/\/luxeonur.com\/?page_id=1444"},"modified":"2025-03-02T21:45:18","modified_gmt":"2025-03-02T20:45:18","slug":"hakkimizda","status":"publish","type":"page","link":"https:\/\/luxeonur.com\/fr\/hakkimizda\/","title":{"rendered":"\u00c0 propos de nous"},"content":{"rendered":"<div class=\"wpb-content-wrapper\"><div class=\"vc_row wpb_row vc_row-fluid\"><div class=\"wpb_column vc_column_container vc_col-sm-12\"><div class=\"vc_column-inner\"><div class=\"wpb_wrapper\">\n\t<div class=\"wpb_text_column wpb_content_element\" >\n\t\t<div class=\"wpb_wrapper\">\n\t\t\t<h3 style=\"font-size: 20px;\" data-start=\"0\" data-end=\"50\"><strong data-start=\"4\" data-end=\"48\">LuxeOnur Le luxe et la qualit\u00e9 \u00e0 la port\u00e9e de tous<\/strong><\/h3>\n<p style=\"font-size: 20px;\" data-start=\"52\" data-end=\"305\">LuxeOnur est une marque qui propose des produits de la plus haute qualit\u00e9 dans les domaines de la maison, de la beaut\u00e9 et de nombreuses autres cat\u00e9gories \u00e0 des prix abordables. S'adressant \u00e0 une large client\u00e8le \u00e0 travers l'Europe, LuxeOnur fait la diff\u00e9rence avec ses produits \u00e9l\u00e9gants, utiles et innovants, adapt\u00e9s \u00e0 tous les budgets.<\/p>\n<p style=\"font-size: 20px;\" data-start=\"307\" data-end=\"576\">Notre mission est de rendre le luxe accessible \u00e0 tous et d'offrir \u00e0 nos clients la meilleure exp\u00e9rience d'achat. Pour cela, nous allions qualit\u00e9, esth\u00e9tique et fonctionnalit\u00e9 en s\u00e9lectionnant minutieusement chacun de nos produits. Avec LuxeOnur, chaque achat est agr\u00e9able, chaque occasion est sp\u00e9ciale !<\/p>\n\n\t\t<\/div>\n\t<\/div>\n<div class=\"vc_empty_space\"   style=\"height: 32px\"><span class=\"vc_empty_space_inner\"><\/span><\/div><\/div><\/div><\/div><\/div><div class=\"vc_row wpb_row vc_row-fluid\"><div class=\"wpb_column vc_column_container vc_col-sm-6\"><div class=\"vc_column-inner\"><div class=\"wpb_wrapper\">\n\t<div class=\"wpb_text_column wpb_content_element\" >\n\t\t<div class=\"wpb_wrapper\">\n\t\t\t<h3 style=\"font-size: 20px;\" data-start=\"578\" data-end=\"627\"><strong data-start=\"582\" data-end=\"625\">Une gamme de produits \u00e9tendue et soigneusement s\u00e9lectionn\u00e9e<\/strong><\/h3>\n<p style=\"font-size: 20px;\" data-start=\"629\" data-end=\"705\">LuxeOnur propose une large gamme de produits pour diff\u00e9rents besoins :<\/p>\n<ul data-start=\"707\" data-end=\"1368\">\n<li style=\"font-size: 20px;\" data-start=\"707\" data-end=\"933\"><strong data-start=\"709\" data-end=\"728\">Maison et d\u00e9coration<\/strong>: Des produits de d\u00e9coration modernes, des articles m\u00e9nagers utiles et des meubles fonctionnels qui ajouteront de l'\u00e9l\u00e9gance \u00e0 votre maison. Nous vous proposons les produits les plus tendance pour rendre votre espace de vie plus confortable et plus esth\u00e9tique.<\/li>\n<li style=\"font-size: 20px;\" data-start=\"934\" data-end=\"1150\"><strong data-start=\"936\" data-end=\"964\">G\u00fczellik &amp; Ki\u015fisel Bak\u0131m<\/strong>: Produits de soins de la peau, accessoires de beaut\u00e9 et articles de soins personnels de premi\u00e8re qualit\u00e9. Nous proposons des solutions fiables et efficaces qui ne nuisent pas \u00e0 votre sant\u00e9.<\/li>\n<li style=\"font-size: 20px;\" data-start=\"1151\" data-end=\"1368\"><strong data-start=\"1153\" data-end=\"1182\">Style de vie et accessoires<\/strong>: Des astuces qui facilitent votre vie quotidienne, les derni\u00e8res tendances et des accessoires pratiques. Nous ajoutons de la valeur \u00e0 votre vie avec des produits qui allient mode et fonctionnalit\u00e9.<\/li>\n<\/ul>\n\n\t\t<\/div>\n\t<\/div>\n<\/div><\/div><\/div><div class=\"wpb_column vc_column_container vc_col-sm-6\"><div class=\"vc_column-inner\"><div class=\"wpb_wrapper\">\n\t<div  class=\"wpb_single_image wpb_content_element vc_align_left wpb_content_element\">\n\t\t\n\t\t<figure class=\"wpb_wrapper vc_figure\">\n\t\t\t<div class=\"vc_single_image-wrapper   vc_box_border_grey\"><img loading=\"lazy\" decoding=\"async\" width=\"1210\" height=\"794\" src=\"https:\/\/luxeonur.com\/wp-content\/uploads\/2018\/06\/blog-5.jpg\" class=\"vc_single_image-img attachment-full\" alt=\"\" title=\"blog-5\" \/><\/div>\n\t\t<\/figure>\n\t<\/div>\n<div class=\"vc_empty_space\"   style=\"height: 32px\"><span class=\"vc_empty_space_inner\"><\/span><\/div>\n\t<div  class=\"wpb_single_image wpb_content_element vc_align_left wpb_content_element\">\n\t\t\n\t\t<figure class=\"wpb_wrapper vc_figure\">\n\t\t\t<div class=\"vc_single_image-wrapper   vc_box_border_grey\"><img loading=\"lazy\" decoding=\"async\" width=\"800\" height=\"527\" src=\"https:\/\/luxeonur.com\/wp-content\/uploads\/2025\/03\/laundry-box-and-liquid-detergents-2025-02-10-09-54-19-utc1.jpg\" class=\"vc_single_image-img attachment-full\" alt=\"\" title=\"laundry-box-and-liquid-detergents-2025-02-10-09-54-19-utc(1)\" \/><\/div>\n\t\t<\/figure>\n\t<\/div>\n<\/div><\/div><\/div><\/div><div class=\"vc_row wpb_row vc_row-fluid\"><div class=\"wpb_column vc_column_container vc_col-sm-12\"><div class=\"vc_column-inner\"><div class=\"wpb_wrapper\"><div class=\"vc_empty_space\"   style=\"height: 32px\"><span class=\"vc_empty_space_inner\"><\/span><\/div><\/div><\/div><\/div><\/div><div class=\"vc_row wpb_row vc_row-fluid\"><div class=\"wpb_column vc_column_container vc_col-sm-6\"><div class=\"vc_column-inner\"><div class=\"wpb_wrapper\">\n\t<div  class=\"wpb_single_image wpb_content_element vc_align_left wpb_content_element\">\n\t\t\n\t\t<figure class=\"wpb_wrapper vc_figure\">\n\t\t\t<div class=\"vc_single_image-wrapper   vc_box_border_grey\"><img loading=\"lazy\" decoding=\"async\" width=\"1210\" height=\"805\" src=\"https:\/\/luxeonur.com\/wp-content\/uploads\/2018\/06\/blog-6.jpg\" class=\"vc_single_image-img attachment-full\" alt=\"\" title=\"blog-6\" \/><\/div>\n\t\t<\/figure>\n\t<\/div>\n<div class=\"vc_empty_space\"   style=\"height: 32px\"><span class=\"vc_empty_space_inner\"><\/span><\/div>\n\t<div  class=\"wpb_single_image wpb_content_element vc_align_left wpb_content_element\">\n\t\t\n\t\t<figure class=\"wpb_wrapper vc_figure\">\n\t\t\t<div class=\"vc_single_image-wrapper   vc_box_border_grey\"><img loading=\"lazy\" decoding=\"async\" width=\"800\" height=\"533\" src=\"https:\/\/luxeonur.com\/wp-content\/uploads\/2025\/03\/happy-smile-face-emotion-and-correct-icons-on-back-2024-10-11-00-07-44-utc1.jpg\" class=\"vc_single_image-img attachment-full\" alt=\"\" title=\"happy-smile-face-emotion-and-correct-icons-on-back-2024-10-11-00-07-44-utc(1)\" \/><\/div>\n\t\t<\/figure>\n\t<\/div>\n<\/div><\/div><\/div><div class=\"wpb_column vc_column_container vc_col-sm-6\"><div class=\"vc_column-inner\"><div class=\"wpb_wrapper\">\n\t<div class=\"wpb_text_column wpb_content_element\" >\n\t\t<div class=\"wpb_wrapper\">\n\t\t\t<h3 style=\"font-size: 20px;\" data-start=\"1610\" data-end=\"1653\"><strong data-start=\"1614\" data-end=\"1651\">Une exp\u00e9rience d'achat orient\u00e9e client<\/strong><\/h3>\n<p style=\"font-size: 20px;\" data-start=\"1655\" data-end=\"1805\">CHez LuxeOnur, notre objectif est d'offrir \u00e0 nos clients une exp\u00e9rience d'achat fluide, agr\u00e9able et fiable. Dans cette optique, nous offrons les avantages suivants :<\/p>\n<ul data-start=\"1807\" data-end=\"2584\">\n<li style=\"font-size: 20px;\" data-start=\"1807\" data-end=\"1968\"><strong data-start=\"1809\" data-end=\"1839\">Site web convivial<\/strong>: Nous offrons une interface simple et rapide pour vous permettre d'explorer facilement nos produits. Vous pouvez atteindre le produit que vous recherchez en quelques secondes.<\/li>\n<li style=\"font-size: 20px;\" data-start=\"1969\" data-end=\"2143\"><strong data-start=\"1971\" data-end=\"1997\">Service d'assistance \u00e0 la client\u00e8le<\/strong>: Notre service client\u00e8le est toujours disponible pour r\u00e9pondre \u00e0 vos questions, vous fournir le meilleur service et parfaire votre exp\u00e9rience d'achat.<\/li>\n<li style=\"font-size: 20px;\" data-start=\"2144\" data-end=\"2380\"><strong data-start=\"2146\" data-end=\"2183\">Tarifs et offres avantageux<\/strong>: Afin d'offrir des produits de qualit\u00e9 aux prix les plus abordables, nous travaillons directement avec les fabricants et vous proposons les meilleures offres. Nous pensons \u00e0 votre budget avec des r\u00e9ductions et des campagnes sp\u00e9ciales tout au long de l'ann\u00e9e.<\/li>\n<li style=\"font-size: 20px;\" data-start=\"2381\" data-end=\"2584\"><strong data-start=\"2383\" data-end=\"2412\">Livraison rapide et s\u00fbre<\/strong>: Nous assurons une livraison rapide et fiable dans toute l'Europe. Nous travaillons avec nos partenaires logistiques professionnels pour que vos commandes soient livr\u00e9es \u00e0 votre porte le plus rapidement possible.<\/li>\n<\/ul>\n\n\t\t<\/div>\n\t<\/div>\n<\/div><\/div><\/div><\/div><div class=\"vc_row wpb_row vc_row-fluid\"><div class=\"wpb_column vc_column_container vc_col-sm-12\"><div class=\"vc_column-inner\"><div class=\"wpb_wrapper\"><div class=\"vc_empty_space\"   style=\"height: 32px\"><span class=\"vc_empty_space_inner\"><\/span><\/div>\n\t<div class=\"wpb_text_column wpb_content_element\" >\n\t\t<div class=\"wpb_wrapper\">\n\t\t\t<h3 style=\"font-size: 20px;\" data-start=\"2586\" data-end=\"2642\"><strong data-start=\"2590\" data-end=\"2640\">Une ambition visant l'excellence et l'innovation<\/strong><\/h3>\n<p style=\"font-size: 20px;\" data-start=\"2644\" data-end=\"2858\">Nous ne vendons pas seulement des produits, mais nous offrons \u00e9galement une exp\u00e9rience sp\u00e9ciale \u00e0 nos clients. Notre gamme de produits en constante \u00e9volution vise \u00e0 vous offrir ce qu'il y a de mieux en suivant les derni\u00e8res innovations et tendances.<\/p>\n<p style=\"font-size: 20px;\" data-start=\"2860\" data-end=\"3096\">Nous souhaitons faire de LuxeOnur l'une des plateformes de commerce \u00e9lectronique pr\u00e9f\u00e9r\u00e9es des Europ\u00e9ens. Tout en continuant \u00e0 proposer des produits de qualit\u00e9 \u00e0 des prix accessibles, nous nous effor\u00e7ons de maintenir la satisfaction de nos clients au plus haut niveau.<\/p>\n<p style=\"font-size: 20px;\" data-start=\"3098\" data-end=\"3294\">Nous soutenons \u00e9galement une approche de consommation durable et respectueuse de l'environnement. Nous pr\u00e9f\u00e9rons les produits qui ne nuisent pas \u00e0 la nature et coop\u00e9rons avec des fournisseurs qui soutiennent des processus de production \u00e9thiques.<\/p>\n\n\t\t<\/div>\n\t<\/div>\n<\/div><\/div><\/div><\/div>\n<\/div>","protected":false},"excerpt":{"rendered":"LuxeOnur: L\u00fcks ve Kalite Herkese Ula\u015fs\u0131n LuxeOnur, ev, g\u00fczellik ve daha bir\u00e7ok kategoride en kaliteli \u00fcr\u00fcnleri uygun fiyatlarla sunan bir markad\u0131r. Avrupa genelinde geni\u015f bir m\u00fc\u015fteri kitlesine hitap eden LuxeOnur, her b\u00fct\u00e7eye uygun \u015f\u0131k, kullan\u0131\u015fl\u0131 ve yenilik\u00e7i \u00fcr\u00fcnleriyle fark yaratmaktad\u0131r. Misyonumuz, l\u00fcks\u00fc herkes i\u00e7in eri\u015filebilir hale getirmek ve m\u00fc\u015fterilerimize en iyi al\u0131\u015fveri\u015f deneyimini sunmakt\u0131r. Bu<p class=\"link-more\"><a href=\"https:\/\/luxeonur.com\/fr\/hakkimizda\/\" class=\"more-link\"><span>Read More<\/span><span class=\"meta-nav\">&#8594;<\/span><\/a><\/p>","protected":false},"author":1,"featured_media":0,"parent":0,"menu_order":0,"comment_status":"closed","ping_status":"closed","template":"","meta":{"footnotes":""},"class_list":["post-1444","page","type-page","status-publish","hentry"],"jetpack_sharing_enabled":true,"_links":{"self":[{"href":"https:\/\/luxeonur.com\/fr\/wp-json\/wp\/v2\/pages\/1444","targetHints":{"allow":["GET"]}}],"collection":[{"href":"https:\/\/luxeonur.com\/fr\/wp-json\/wp\/v2\/pages"}],"about":[{"href":"https:\/\/luxeonur.com\/fr\/wp-json\/wp\/v2\/types\/page"}],"author":[{"embeddable":true,"href":"https:\/\/luxeonur.com\/fr\/wp-json\/wp\/v2\/users\/1"}],"replies":[{"embeddable":true,"href":"https:\/\/luxeonur.com\/fr\/wp-json\/wp\/v2\/comments?post=1444"}],"version-history":[{"count":8,"href":"https:\/\/luxeonur.com\/fr\/wp-json\/wp\/v2\/pages\/1444\/revisions"}],"predecessor-version":[{"id":1584,"href":"https:\/\/luxeonur.com\/fr\/wp-json\/wp\/v2\/pages\/1444\/revisions\/1584"}],"wp:attachment":[{"href":"https:\/\/luxeonur.com\/fr\/wp-json\/wp\/v2\/media?parent=1444"}],"curies":[{"name":"wp","href":"https:\/\/api.w.org\/{rel}","templated":true}]}}