{"id":447,"date":"2018-06-14T15:58:34","date_gmt":"2018-06-14T15:58:34","guid":{"rendered":"http:\/\/demo.snstheme.com\/wp\/dsk\/?post_type=product&#038;p=447"},"modified":"2025-12-11T00:42:05","modified_gmt":"2025-12-10T23:42:05","slug":"luxe-onur-leke-cikaricisi-yastik-hali-ve-kanepelerdeki-lekeleri-giderir","status":"publish","type":"product","link":"https:\/\/luxeonur.com\/fr\/produit\/luxe-onur-leke-cikaricisi-yastik-hali-ve-kanepelerdeki-lekeleri-giderir\/","title":{"rendered":"D\u00e9tachant - Enl\u00e8ve les taches sur les oreillers, les tapis et les canap\u00e9s"},"content":{"rendered":"<p>\ud83d\udd39Kuma\u015f ve deri temizleyici<\/p>\n<p>D\u00f6\u015feme, suni deri, giysi, hal\u0131, araba koltuklar\u0131ndaki yiyecek, meyve, makyaj ve kan lekelerini kolayca ve etkili bir \u015fekilde \u00e7\u0131kar\u0131r. Forte Tekstil Temizleyiciyi kirli y\u00fczeye yay\u0131n ve lekeleri temiz bir bezle silin.<\/p>\n<p>Daha b\u00fcy\u00fck lekeler i\u00e7in g\u00f6ze \u00e7arpmayan bir alanda test edin. \u00dcr\u00fcn\u00fc kullanmadan \u00f6nce temizleme ve kullanma talimatlar\u0131n\u0131 okuyun.<\/p>\n<p data-start=\"88\" data-end=\"338\"><strong data-start=\"104\" data-end=\"131\">G\u00fc\u00e7l\u00fc Kuma\u015f Temizleyici<\/strong> ile inat\u00e7\u0131 lekelerden kurtulun! <strong data-start=\"164\" data-end=\"199\">Yast\u0131klar, hal\u0131lar ve kanepeler<\/strong> \u00fczerindeki kirleri h\u0131zla temizlemek i\u00e7in \u00f6zel olarak form\u00fcle edilmi\u015ftir. Evinizde hijyen ve tazelik sa\u011flamak i\u00e7in m\u00fckemmel bir \u00e7\u00f6z\u00fcmd\u00fcr.<\/p>\n<p data-start=\"340\" data-end=\"872\">\u2728 <strong data-start=\"342\" data-end=\"359\">Maksimum Etki<\/strong>: Kahve, \u015farap, ya\u011f, makyaj ve di\u011fer lekeleri birka\u00e7 dakika i\u00e7inde \u00e7\u00f6zen geli\u015fmi\u015f form\u00fcl.<br data-start=\"448\" data-end=\"451\" \/>\ud83d\udecb\ufe0f <strong data-start=\"455\" data-end=\"487\">T\u00fcm Kuma\u015f T\u00fcrleri \u0130\u00e7in Uygun<\/strong>: Hassas kuma\u015flar, mikrofiberler, sentetik ve do\u011fal tekstiller i\u00e7in g\u00fcvenlidir.<br data-start=\"566\" data-end=\"569\" \/>\ud83d\udca8 <strong data-start=\"572\" data-end=\"610\">H\u0131zl\u0131 Etki ve Durulama Gerektirmez<\/strong>: Sprey s\u0131k\u0131n, bekleyin, hafif\u00e7e silin ve m\u00fckemmel sonucu g\u00f6r\u00fcn.<br data-start=\"674\" data-end=\"677\" \/>\ud83c\udf3f <strong data-start=\"680\" data-end=\"695\">\u00c7evre Dostu<\/strong>: Sert kimyasallar i\u00e7ermez, biyolojik olarak par\u00e7alanabilir ve evcil hayvanlar i\u00e7in g\u00fcvenlidir.<br data-start=\"790\" data-end=\"793\" \/>\ud83d\udc4c <strong data-start=\"796\" data-end=\"815\">Kullan\u0131m\u0131 Kolay<\/strong>: Hedeflenmi\u015f uygulama i\u00e7in sprey ba\u015fl\u0131kl\u0131 pratik \u015fi\u015fe.<\/p>","protected":false},"excerpt":{"rendered":"<p data-start=\"874\" data-end=\"1073\">\ud83d\udd39Kumas ve deri temizleyicisi<\/p>\n<p data-start=\"874\" data-end=\"1073\">Dosemelik kumas, suni deri, giysi, hali, araba koltuklarindaki yiyecek, meyve, makyaj malzemesi, kan lekelerini kolaylikla ve etkin bir sekilde temizler. Forte textile Clearner&#8217;i kirli yuzey uzerine puskurtunuz ve lekeleri temiz bir bez ile temizleyiniz.<\/p>\n<p data-start=\"874\" data-end=\"1073\">Agir lekelerde az gorulecek bir yerde test ediniz. Kullanmadan once temizleme ve kullanma talimatini okuyunuz.<\/p>\n<p data-start=\"874\" data-end=\"1073\"><strong data-start=\"877\" data-end=\"908\">M\u00fckemmel Kullan\u0131m Alanlar\u0131:<\/strong><br data-start=\"908\" data-end=\"911\" \/>\u2714\ufe0f Kanepe ve koltuklardaki lekeleri temizler.<br data-start=\"956\" data-end=\"959\" \/>\u2714\ufe0f Hal\u0131 ve kilimlerin eski parlakl\u0131\u011f\u0131n\u0131 geri kazand\u0131r\u0131r.<br data-start=\"1015\" data-end=\"1018\" \/>\u2714\ufe0f Yast\u0131klardaki kirleri ve lekeleri kolayca \u00e7\u0131kar\u0131r.<\/p>\n<p data-start=\"1075\" data-end=\"1267\"><strong data-start=\"1075\" data-end=\"1100\">Kullan\u0131m Talimatlar\u0131:<\/strong><br data-start=\"1100\" data-end=\"1103\" \/>1\ufe0f\u20e3 Lekenin \u00fczerine do\u011frudan p\u00fcsk\u00fcrt\u00fcn.<br data-start=\"1142\" data-end=\"1145\" \/>2\ufe0f\u20e3 1-2 dakika bekleyin.<br data-start=\"1169\" data-end=\"1172\" \/>3\ufe0f\u20e3 Temiz bir bez veya yumu\u015fak bir f\u0131r\u00e7a ile silin.<br data-start=\"1223\" data-end=\"1226\" \/>4\ufe0f\u20e3 Kurumas\u0131n\u0131 bekleyin ve fark\u0131 g\u00f6r\u00fcn!<\/p>\n<p data-start=\"1312\" data-end=\"1359\">\ud83d\udd04 <strong data-start=\"1315\" data-end=\"1339\">Memnuniyet Garantisi<\/strong>: Risksiz deneyin!<\/p>\n<p data-start=\"1361\" data-end=\"1428\" data-is-last-node=\"\" data-is-only-node=\"\">\u2705 <strong data-start=\"1363\" data-end=\"1386\">\u015eimdi sipari\u015f verin<\/strong> ve kuma\u015flar\u0131n\u0131za yeni bir hayat verin! \ud83d\ude80<\/p>\n<p data-start=\"1361\" data-end=\"1428\" data-is-last-node=\"\" data-is-only-node=\"\">","protected":false},"featured_media":1440,"template":"","meta":[],"product_brand":[],"product_cat":[92],"product_tag":[34,36],"class_list":{"0":"post-447","1":"product","2":"type-product","3":"status-publish","4":"has-post-thumbnail","6":"product_cat-temizlik","7":"product_tag-interior","8":"product_tag-lighting","10":"first","11":"instock","12":"featured","13":"taxable","14":"shipping-taxable","15":"purchasable","16":"product-type-simple"},"jetpack_sharing_enabled":true,"_links":{"self":[{"href":"https:\/\/luxeonur.com\/fr\/wp-json\/wp\/v2\/product\/447","targetHints":{"allow":["GET"]}}],"collection":[{"href":"https:\/\/luxeonur.com\/fr\/wp-json\/wp\/v2\/product"}],"about":[{"href":"https:\/\/luxeonur.com\/fr\/wp-json\/wp\/v2\/types\/product"}],"wp:featuredmedia":[{"embeddable":true,"href":"https:\/\/luxeonur.com\/fr\/wp-json\/wp\/v2\/media\/1440"}],"wp:attachment":[{"href":"https:\/\/luxeonur.com\/fr\/wp-json\/wp\/v2\/media?parent=447"}],"wp:term":[{"taxonomy":"product_brand","embeddable":true,"href":"https:\/\/luxeonur.com\/fr\/wp-json\/wp\/v2\/product_brand?post=447"},{"taxonomy":"product_cat","embeddable":true,"href":"https:\/\/luxeonur.com\/fr\/wp-json\/wp\/v2\/product_cat?post=447"},{"taxonomy":"product_tag","embeddable":true,"href":"https:\/\/luxeonur.com\/fr\/wp-json\/wp\/v2\/product_tag?post=447"}],"curies":[{"name":"wp","href":"https:\/\/api.w.org\/{rel}","templated":true}]}}