{"id":1373,"date":"2025-02-28T09:50:52","date_gmt":"2025-02-28T08:50:52","guid":{"rendered":"https:\/\/luxeonur.com\/?page_id=1373"},"modified":"2025-03-02T00:43:35","modified_gmt":"2025-03-01T23:43:35","slug":"gizlilik-politikasi","status":"publish","type":"page","link":"https:\/\/luxeonur.com\/tr_tr\/gizlilik-politikasi\/","title":{"rendered":"Gizlilik Politikasi"},"content":{"rendered":"<div class=\"wpb-content-wrapper\"><div class=\"vc_row wpb_row vc_row-fluid\"><div class=\"wpb_column vc_column_container vc_col-sm-12\"><div class=\"vc_column-inner\"><div class=\"wpb_wrapper\">\n\t<div class=\"wpb_text_column wpb_content_element\" >\n\t\t<div class=\"wpb_wrapper\">\n\t\t\t<h2 style=\"font-size: 20px;\" data-start=\"116\" data-end=\"133\"><strong data-start=\"119\" data-end=\"131\">1. Giri\u015f<\/strong><\/h2>\n<p style=\"font-size: 20px;\" data-start=\"134\" data-end=\"344\">Bu gizlilik politikas\u0131, <strong>Luxe Onur<\/strong> (\u201c\u015eirket\u201d, \u201cBiz\u201d, \u201cBize\u201d) olarak, m\u00fc\u015fterilerimizin ve ziyaret\u00e7ilerimizin ki\u015fisel verilerini nas\u0131l toplad\u0131\u011f\u0131m\u0131z\u0131, kulland\u0131\u011f\u0131m\u0131z\u0131 ve korudu\u011fumuzu a\u00e7\u0131klamaktad\u0131r.<\/p>\n<p style=\"font-size: 20px;\" data-start=\"346\" data-end=\"501\">Web sitemizi (<strong data-start=\"360\" data-end=\"387\">www.luxeonur.com<\/strong>) ziyaret etti\u011finizde veya hizmetlerimizi kulland\u0131\u011f\u0131n\u0131zda, ki\u015fisel verilerinizin g\u00fcvenli\u011fi bizim i\u00e7in \u00f6nemlidir.<\/p>\n\n\t\t<\/div>\n\t<\/div>\n<\/div><\/div><\/div><\/div><div class=\"vc_row wpb_row vc_row-fluid\"><div class=\"wpb_column vc_column_container vc_col-sm-12\"><div class=\"vc_column-inner\"><div class=\"wpb_wrapper\">\n\t<div class=\"wpb_text_column wpb_content_element\" >\n\t\t<div class=\"wpb_wrapper\">\n\t\t\t<h2 style=\"font-size: 20px;\" data-start=\"503\" data-end=\"539\"><strong data-start=\"506\" data-end=\"537\">2. Toplanan Ki\u015fisel Veriler<\/strong><\/h2>\n<p style=\"font-size: 20px;\" data-start=\"540\" data-end=\"612\">Sizden do\u011frudan veya dolayl\u0131 olarak a\u015fa\u011f\u0131daki verileri toplayabiliriz:<\/p>\n<ul data-start=\"614\" data-end=\"968\">\n<li style=\"font-size: 20px;\" data-start=\"614\" data-end=\"683\"><strong data-start=\"616\" data-end=\"637\">Kimlik Bilgileri:<\/strong> Ad, soyad, e-posta adresi, telefon numaras\u0131<\/li>\n<li style=\"font-size: 20px;\" data-start=\"684\" data-end=\"807\"><strong data-start=\"686\" data-end=\"706\">\u00d6deme Bilgileri:<\/strong> Kredi kart\u0131, banka kart\u0131 bilgileri (\u00d6deme sa\u011flay\u0131c\u0131lar\u0131m\u0131z taraf\u0131ndan g\u00fcvenli bir \u015fekilde i\u015flenir)<\/li>\n<li style=\"font-size: 20px;\" data-start=\"808\" data-end=\"873\"><strong data-start=\"810\" data-end=\"832\">Sipari\u015f Bilgileri:<\/strong> Sipari\u015f ge\u00e7mi\u015finiz, teslimat adresiniz<\/li>\n<li style=\"font-size: 20px;\" data-start=\"874\" data-end=\"968\"><strong data-start=\"876\" data-end=\"908\">Cihaz ve Kullan\u0131m Bilgileri:<\/strong> IP adresi, taray\u0131c\u0131 bilgileri, ziyaret etti\u011finiz sayfalar<\/li>\n<\/ul>\n\n\t\t<\/div>\n\t<\/div>\n<\/div><\/div><\/div><\/div><div class=\"vc_row wpb_row vc_row-fluid\"><div class=\"wpb_column vc_column_container vc_col-sm-12\"><div class=\"vc_column-inner\"><div class=\"wpb_wrapper\">\n\t<div class=\"wpb_text_column wpb_content_element\" >\n\t\t<div class=\"wpb_wrapper\">\n\t\t\t<h2 style=\"font-size: 20px;\" data-start=\"970\" data-end=\"1009\"><strong data-start=\"973\" data-end=\"1007\">3. Ki\u015fisel Verilerin Kullan\u0131m\u0131<\/strong><\/h2>\n<p style=\"font-size: 20px;\" data-start=\"1010\" data-end=\"1059\">Toplanan veriler \u015fu ama\u00e7larla kullan\u0131lmaktad\u0131r:<\/p>\n<ul data-start=\"1061\" data-end=\"1303\">\n<li style=\"font-size: 20px;\" data-start=\"1061\" data-end=\"1109\">Sipari\u015flerinizi i\u015fleme almak ve teslim etmek<\/li>\n<li style=\"font-size: 20px;\" data-start=\"1110\" data-end=\"1138\">M\u00fc\u015fteri deste\u011fi sa\u011flamak<\/li>\n<li style=\"font-size: 20px;\" data-start=\"1139\" data-end=\"1185\">Web sitemizi ve hizmetlerimizi geli\u015ftirmek<\/li>\n<li style=\"font-size: 20px;\" data-start=\"1186\" data-end=\"1262\">Kampanyalar ve promosyonlar hakk\u0131nda bilgilendirme yapmak (iste\u011fe ba\u011fl\u0131)<\/li>\n<li style=\"font-size: 20px;\" data-start=\"1263\" data-end=\"1303\">Yasal y\u00fck\u00fcml\u00fcl\u00fckleri yerine getirmek<\/li>\n<\/ul>\n\n\t\t<\/div>\n\t<\/div>\n<\/div><\/div><\/div><\/div><div class=\"vc_row wpb_row vc_row-fluid\"><div class=\"wpb_column vc_column_container vc_col-sm-12\"><div class=\"vc_column-inner\"><div class=\"wpb_wrapper\">\n\t<div class=\"wpb_text_column wpb_content_element\" >\n\t\t<div class=\"wpb_wrapper\">\n\t\t\t<h2 style=\"font-size: 20px;\" data-start=\"1305\" data-end=\"1358\"><strong data-start=\"1308\" data-end=\"1356\">4. \u00c7erezler (Cookies) ve Takip Teknolojileri<\/strong><\/h2>\n<p style=\"font-size: 20px;\" data-start=\"1359\" data-end=\"1585\">Web sitemizde kullan\u0131c\u0131 deneyimini geli\u015ftirmek i\u00e7in \u00e7erezler kullanmaktay\u0131z. \u00c7erezler hakk\u0131nda daha fazla bilgi almak ve \u00e7erez ayarlar\u0131n\u0131z\u0131 de\u011fi\u015ftirmek i\u00e7in <strong data-start=\"1516\" data-end=\"1560\"><a href=\"https:\/\/luxeonur.com\/yasal-Uyari\" rel=\"noopener\" data-start=\"1518\" data-end=\"1558\">\u00c7erez Politikam\u0131z\u0131<\/a><\/strong> ziyaret edebilirsiniz.<\/p>\n\n\t\t<\/div>\n\t<\/div>\n<\/div><\/div><\/div><\/div><div class=\"vc_row wpb_row vc_row-fluid\"><div class=\"wpb_column vc_column_container vc_col-sm-12\"><div class=\"vc_column-inner\"><div class=\"wpb_wrapper\">\n\t<div class=\"wpb_text_column wpb_content_element\" >\n\t\t<div class=\"wpb_wrapper\">\n\t\t\t<h2 style=\"font-size: 20px;\" data-start=\"1587\" data-end=\"1626\"><strong data-start=\"1590\" data-end=\"1624\">5. Ki\u015fisel Verilerin Payla\u015f\u0131m\u0131<\/strong><\/h2>\n<p style=\"font-size: 20px;\" data-start=\"1627\" data-end=\"1696\">Ki\u015fisel verileriniz \u00fc\u00e7\u00fcnc\u00fc \u015fah\u0131slarla \u015fu durumlarda payla\u015f\u0131labilir:<\/p>\n<ul data-start=\"1698\" data-end=\"1849\">\n<li style=\"font-size: 20px;\" data-start=\"1698\" data-end=\"1750\">\u00d6deme i\u015flemleri i\u00e7in yetkili \u00f6deme sa\u011flay\u0131c\u0131lar\u0131<\/li>\n<li style=\"font-size: 20px;\" data-start=\"1751\" data-end=\"1793\">Sipari\u015f teslimat\u0131 i\u00e7in kargo firmalar\u0131<\/li>\n<li style=\"font-size: 20px;\" data-start=\"1794\" data-end=\"1849\">Yasal zorunluluklar \u00e7er\u00e7evesinde devlet yetkilileri<\/li>\n<\/ul>\n\n\t\t<\/div>\n\t<\/div>\n<\/div><\/div><\/div><\/div><div class=\"vc_row wpb_row vc_row-fluid\"><div class=\"wpb_column vc_column_container vc_col-sm-12\"><div class=\"vc_column-inner\"><div class=\"wpb_wrapper\">\n\t<div class=\"wpb_text_column wpb_content_element\" >\n\t\t<div class=\"wpb_wrapper\">\n\t\t\t<h2 style=\"font-size: 20px;\" data-start=\"1851\" data-end=\"1888\"><strong data-start=\"1854\" data-end=\"1886\">6. Verilerin Saklanma S\u00fcresi<\/strong><\/h2>\n<p style=\"font-size: 20px;\" data-start=\"1889\" data-end=\"2005\">Ki\u015fisel verileriniz, i\u015fleme amac\u0131 sona erdi\u011finde veya yasal y\u00fck\u00fcml\u00fcl\u00fckler gere\u011fi belirlenen s\u00fcre boyunca saklan\u0131r.<\/p>\n\n\t\t<\/div>\n\t<\/div>\n<\/div><\/div><\/div><\/div><div class=\"vc_row wpb_row vc_row-fluid\"><div class=\"wpb_column vc_column_container vc_col-sm-12\"><div class=\"vc_column-inner\"><div class=\"wpb_wrapper\">\n\t<div class=\"wpb_text_column wpb_content_element\" >\n\t\t<div class=\"wpb_wrapper\">\n\t\t\t<h2 style=\"font-size: 20px;\" data-start=\"2007\" data-end=\"2041\"><strong data-start=\"2010\" data-end=\"2039\">7. Ki\u015fisel Veri G\u00fcvenli\u011fi<\/strong><\/h2>\n<p style=\"font-size: 20px;\" data-start=\"2042\" data-end=\"2219\">Verilerinizin korunmas\u0131 i\u00e7in gerekli teknik ve idari g\u00fcvenlik \u00f6nlemlerini almaktay\u0131z. Ancak, internet \u00fczerinden yap\u0131lan veri iletimlerinin %100 g\u00fcvenli olmad\u0131\u011f\u0131n\u0131 unutmay\u0131n\u0131z.<\/p>\n\n\t\t<\/div>\n\t<\/div>\n<\/div><\/div><\/div><\/div><div class=\"vc_row wpb_row vc_row-fluid\"><div class=\"wpb_column vc_column_container vc_col-sm-12\"><div class=\"vc_column-inner\"><div class=\"wpb_wrapper\">\n\t<div class=\"wpb_text_column wpb_content_element\" >\n\t\t<div class=\"wpb_wrapper\">\n\t\t\t<h2 style=\"font-size: 20px;\" data-start=\"2221\" data-end=\"2250\"><strong data-start=\"2224\" data-end=\"2248\">8. Kullan\u0131c\u0131 Haklar\u0131<\/strong><\/h2>\n<p style=\"font-size: 20px;\" data-start=\"2251\" data-end=\"2335\">KVKK (Ki\u015fisel Verilerin Korunmas\u0131 Kanunu) kapsam\u0131nda a\u015fa\u011f\u0131daki haklara sahipsiniz:<\/p>\n<ul data-start=\"2337\" data-end=\"2584\">\n<li style=\"font-size: 20px;\" data-start=\"2337\" data-end=\"2392\">Ki\u015fisel verilerinizin i\u015flenip i\u015flenmedi\u011fini \u00f6\u011frenme<\/li>\n<li style=\"font-size: 20px;\" data-start=\"2393\" data-end=\"2437\">\u0130\u015flenmi\u015fse buna ili\u015fkin bilgi talep etme<\/li>\n<li style=\"font-size: 20px;\" data-start=\"2438\" data-end=\"2491\">Yanl\u0131\u015f veya eksik verilerin d\u00fczeltilmesini isteme<\/li>\n<li style=\"font-size: 20px;\" data-start=\"2492\" data-end=\"2552\">Verilerinizin silinmesini veya yok edilmesini talep etme<\/li>\n<li style=\"font-size: 20px;\" data-start=\"2553\" data-end=\"2584\">Veri aktar\u0131m\u0131na itiraz etme<\/li>\n<\/ul>\n<p style=\"font-size: 20px;\" data-start=\"2586\" data-end=\"2651\">Bu haklar\u0131n\u0131z\u0131 kullanmak i\u00e7in bizimle ileti\u015fime ge\u00e7ebilirsiniz:<\/p>\n<p style=\"font-size: 20px;\" data-start=\"2653\" data-end=\"2728\">\ud83d\udce9 <strong data-start=\"2656\" data-end=\"2668\">E-posta:<\/strong> <a href=\"mailto:info@luxeonur.com\">info@luxeonur.com<\/a><\/p>\n\n\t\t<\/div>\n\t<\/div>\n<\/div><\/div><\/div><\/div><div class=\"vc_row wpb_row vc_row-fluid\"><div class=\"wpb_column vc_column_container vc_col-sm-12\"><div class=\"vc_column-inner\"><div class=\"wpb_wrapper\">\n\t<div class=\"wpb_text_column wpb_content_element\" >\n\t\t<div class=\"wpb_wrapper\">\n\t\t\t<h2 style=\"font-size: 20px;\" data-start=\"2730\" data-end=\"2765\"><strong data-start=\"2733\" data-end=\"2763\">9. Politika G\u00fcncellemeleri<\/strong><\/h2>\n<p style=\"font-size: 20px;\" data-start=\"2766\" data-end=\"2877\">Bu gizlilik politikas\u0131 zaman zaman g\u00fcncellenebilir. G\u00fcncellemeler web sitemizde yay\u0131nland\u0131\u011f\u0131nda ge\u00e7erli olur.<\/p>\n<p style=\"font-size: 20px;\" data-start=\"2879\" data-end=\"2908\">Son G\u00fcncelleme: <strong data-start=\"2895\" data-end=\"2906\">02\/03\/2025<\/strong><\/p>\n\n\t\t<\/div>\n\t<\/div>\n<\/div><\/div><\/div><\/div>\n<\/div>","protected":false},"excerpt":{"rendered":"1. Giri\u015f Bu gizlilik politikas\u0131, Luxe Onur (\u201c\u015eirket\u201d, \u201cBiz\u201d, \u201cBize\u201d) olarak, m\u00fc\u015fterilerimizin ve ziyaret\u00e7ilerimizin ki\u015fisel verilerini nas\u0131l toplad\u0131\u011f\u0131m\u0131z\u0131, kulland\u0131\u011f\u0131m\u0131z\u0131 ve korudu\u011fumuzu a\u00e7\u0131klamaktad\u0131r. Web sitemizi (www.luxeonur.com) ziyaret etti\u011finizde veya hizmetlerimizi kulland\u0131\u011f\u0131n\u0131zda, ki\u015fisel verilerinizin g\u00fcvenli\u011fi bizim i\u00e7in \u00f6nemlidir. 2. Toplanan Ki\u015fisel Veriler Sizden do\u011frudan veya dolayl\u0131 olarak a\u015fa\u011f\u0131daki verileri toplayabiliriz: Kimlik Bilgileri: Ad, soyad, e-posta adresi, telefon<p class=\"link-more\"><a href=\"https:\/\/luxeonur.com\/tr_tr\/gizlilik-politikasi\/\" class=\"more-link\"><span>Read More<\/span><span class=\"meta-nav\">&#8594;<\/span><\/a><\/p>","protected":false},"author":1,"featured_media":0,"parent":0,"menu_order":0,"comment_status":"closed","ping_status":"closed","template":"","meta":{"footnotes":""},"class_list":["post-1373","page","type-page","status-publish","hentry"],"jetpack_sharing_enabled":true,"_links":{"self":[{"href":"https:\/\/luxeonur.com\/tr_tr\/wp-json\/wp\/v2\/pages\/1373","targetHints":{"allow":["GET"]}}],"collection":[{"href":"https:\/\/luxeonur.com\/tr_tr\/wp-json\/wp\/v2\/pages"}],"about":[{"href":"https:\/\/luxeonur.com\/tr_tr\/wp-json\/wp\/v2\/types\/page"}],"author":[{"embeddable":true,"href":"https:\/\/luxeonur.com\/tr_tr\/wp-json\/wp\/v2\/users\/1"}],"replies":[{"embeddable":true,"href":"https:\/\/luxeonur.com\/tr_tr\/wp-json\/wp\/v2\/comments?post=1373"}],"version-history":[{"count":5,"href":"https:\/\/luxeonur.com\/tr_tr\/wp-json\/wp\/v2\/pages\/1373\/revisions"}],"predecessor-version":[{"id":1465,"href":"https:\/\/luxeonur.com\/tr_tr\/wp-json\/wp\/v2\/pages\/1373\/revisions\/1465"}],"wp:attachment":[{"href":"https:\/\/luxeonur.com\/tr_tr\/wp-json\/wp\/v2\/media?parent=1373"}],"curies":[{"name":"wp","href":"https:\/\/api.w.org\/{rel}","templated":true}]}}