{"id":1378,"date":"2025-02-28T09:51:20","date_gmt":"2025-02-28T08:51:20","guid":{"rendered":"https:\/\/luxeonur.com\/?page_id=1378"},"modified":"2025-03-02T00:57:49","modified_gmt":"2025-03-01T23:57:49","slug":"sss","status":"publish","type":"page","link":"https:\/\/luxeonur.com\/tr_tr\/sss\/","title":{"rendered":"S\u0131k\u00e7a Sorulan Sorular (SSS)"},"content":{"rendered":"<div class=\"wpb-content-wrapper\"><div class=\"vc_row wpb_row vc_row-fluid\"><div class=\"wpb_column vc_column_container vc_col-sm-12\"><div class=\"vc_column-inner\"><div class=\"wpb_wrapper\">\n\t<div class=\"wpb_text_column wpb_content_element\" >\n\t\t<div class=\"wpb_wrapper\">\n\t\t\t<h3 style=\"font-size: 20px;\" data-start=\"129\" data-end=\"180\"><strong data-start=\"133\" data-end=\"178\">1. Sipari\u015flerim ne zaman kargoya verilir?<\/strong><\/h3>\n<p style=\"font-size: 20px;\" data-start=\"181\" data-end=\"310\">Sipari\u015fleriniz, \u00f6deme onay\u0131 al\u0131nd\u0131ktan sonra <strong data-start=\"226\" data-end=\"241\">1-3 i\u015f g\u00fcn\u00fc<\/strong> i\u00e7inde kargoya verilir. Kampanya d\u00f6nemlerinde bu s\u00fcre de\u011fi\u015febilir.<\/p>\n<p>\u00a0<\/p>\n\n\t\t<\/div>\n\t<\/div>\n<\/div><\/div><\/div><\/div><div class=\"vc_row wpb_row vc_row-fluid\"><div class=\"wpb_column vc_column_container vc_col-sm-12\"><div class=\"vc_column-inner\"><div class=\"wpb_wrapper\">\n\t<div class=\"wpb_text_column wpb_content_element\" >\n\t\t<div class=\"wpb_wrapper\">\n\t\t\t<h3 style=\"font-size: 20px;\" data-start=\"312\" data-end=\"366\"><strong data-start=\"316\" data-end=\"364\">2. Kargo takip numaram\u0131 nas\u0131l \u00f6\u011frenebilirim?<\/strong><\/h3>\n<p style=\"font-size: 20px;\" data-start=\"367\" data-end=\"561\">Sipari\u015finiz kargoya verildi\u011finde, kay\u0131tl\u0131 e-posta adresinize <strong data-start=\"428\" data-end=\"453\">kargo takip numaran\u0131z<\/strong> g\u00f6nderilecektir. Ayr\u0131ca, <strong data-start=\"479\" data-end=\"503\"><a rel=\"noopener\" data-start=\"481\" data-end=\"501\">Hesab\u0131m<\/a><\/strong> b\u00f6l\u00fcm\u00fcnden sipari\u015f detaylar\u0131n\u0131z\u0131 kontrol edebilirsiniz.<\/p>\n\n\t\t<\/div>\n\t<\/div>\n<\/div><\/div><\/div><\/div><div class=\"vc_row wpb_row vc_row-fluid\"><div class=\"wpb_column vc_column_container vc_col-sm-12\"><div class=\"vc_column-inner\"><div class=\"wpb_wrapper\">\n\t<div class=\"wpb_text_column wpb_content_element\" >\n\t\t<div class=\"wpb_wrapper\">\n\t\t\t<h3 style=\"font-size: 20px;\" data-start=\"563\" data-end=\"607\"><strong data-start=\"567\" data-end=\"605\">3. \u00dcr\u00fcnlerimi iade edebilir miyim?<\/strong><\/h3>\n<p style=\"font-size: 20px;\" data-start=\"608\" data-end=\"799\">Evet, sipari\u015finizi teslim ald\u0131ktan sonra <strong data-start=\"649\" data-end=\"666\">14 g\u00fcn i\u00e7inde<\/strong> iade edebilirsiniz. \u0130ade s\u00fcreci hakk\u0131nda detayl\u0131 bilgi almak i\u00e7in <strong data-start=\"733\" data-end=\"777\"><a rel=\"noopener\" data-start=\"735\" data-end=\"775\">\u0130ade Politikam\u0131z\u0131<\/a><\/strong> inceleyebilirsiniz.<\/p>\n\n\t\t<\/div>\n\t<\/div>\n<\/div><\/div><\/div><\/div><div class=\"vc_row wpb_row vc_row-fluid\"><div class=\"wpb_column vc_column_container vc_col-sm-12\"><div class=\"vc_column-inner\"><div class=\"wpb_wrapper\">\n\t<div class=\"wpb_text_column wpb_content_element\" >\n\t\t<div class=\"wpb_wrapper\">\n\t\t\t<h3 style=\"font-size: 20px;\" data-start=\"801\" data-end=\"857\"><strong data-start=\"805\" data-end=\"855\">4. Hangi \u00f6deme y\u00f6ntemlerini kabul ediyorsunuz?<\/strong><\/h3>\n<p style=\"font-size: 20px;\" data-start=\"858\" data-end=\"899\">\u015eu \u00f6deme y\u00f6ntemlerini kabul etmekteyiz:<\/p>\n<ul data-start=\"900\" data-end=\"994\">\n<li style=\"font-size: 20px;\" data-start=\"900\" data-end=\"929\">Kredi kart\u0131 \/ Banka kart\u0131<\/li>\n<li style=\"font-size: 20px;\" data-start=\"930\" data-end=\"946\">Havale \/ EFT<\/li>\n<li style=\"font-size: 20px;\" data-start=\"947\" data-end=\"994\">Kap\u0131da \u00f6deme (Baz\u0131 \u00fcr\u00fcnler i\u00e7in ge\u00e7erlidir)<\/li>\n<\/ul>\n\n\t\t<\/div>\n\t<\/div>\n<\/div><\/div><\/div><\/div><div class=\"vc_row wpb_row vc_row-fluid\"><div class=\"wpb_column vc_column_container vc_col-sm-12\"><div class=\"vc_column-inner\"><div class=\"wpb_wrapper\">\n\t<div class=\"wpb_text_column wpb_content_element\" >\n\t\t<div class=\"wpb_wrapper\">\n\t\t\t<h3 style=\"font-size: 20px;\" data-start=\"996\" data-end=\"1040\"><strong data-start=\"1000\" data-end=\"1038\">5. \u00dcr\u00fcnlerinizin garantisi var m\u0131?<\/strong><\/h3>\n<p style=\"font-size: 20px;\" data-start=\"1041\" data-end=\"1176\">Evet, t\u00fcm \u00fcr\u00fcnlerimiz 1<strong data-start=\"1063\" data-end=\"1080\"> y\u0131l garanti<\/strong> kapsam\u0131ndad\u0131r. \u00dcr\u00fcnle ilgili herhangi bir sorun ya\u015farsan\u0131z, bizimle ileti\u015fime ge\u00e7ebilirsiniz.<\/p>\n\n\t\t<\/div>\n\t<\/div>\n<\/div><\/div><\/div><\/div><div class=\"vc_row wpb_row vc_row-fluid\"><div class=\"wpb_column vc_column_container vc_col-sm-12\"><div class=\"vc_column-inner\"><div class=\"wpb_wrapper\">\n\t<div class=\"wpb_text_column wpb_content_element\" >\n\t\t<div class=\"wpb_wrapper\">\n\t\t\t<h3 style=\"font-size: 20px;\" data-start=\"1178\" data-end=\"1223\"><strong data-start=\"1182\" data-end=\"1221\">6. Sipari\u015fimi iptal edebilir miyim?<\/strong><\/h3>\n<p style=\"font-size: 20px;\" data-start=\"1224\" data-end=\"1384\">E\u011fer sipari\u015finiz hen\u00fcz kargoya verilmediyse <strong data-start=\"1268\" data-end=\"1292\"><a rel=\"noopener\" data-start=\"1270\" data-end=\"1290\">Hesab\u0131m<\/a><\/strong> \u00fczerinden veya <strong data-start=\"1308\" data-end=\"1333\"><a rel=\"noopener\" data-start=\"1310\" data-end=\"1331\">info@luxeonur.com<\/a><\/strong> adresine e-posta g\u00f6ndererek iptal edebilirsiniz.<\/p>\n\n\t\t<\/div>\n\t<\/div>\n<\/div><\/div><\/div><\/div><div class=\"vc_row wpb_row vc_row-fluid\"><div class=\"wpb_column vc_column_container vc_col-sm-12\"><div class=\"vc_column-inner\"><div class=\"wpb_wrapper\">\n\t<div class=\"wpb_text_column wpb_content_element\" >\n\t\t<div class=\"wpb_wrapper\">\n\t\t\t<h3 style=\"font-size: 20px;\" data-start=\"1386\" data-end=\"1444\"><strong data-start=\"1390\" data-end=\"1442\">7. \u00dcr\u00fcn hasarl\u0131 veya eksik geldi, ne yapmal\u0131y\u0131m?<\/strong><\/h3>\n<p style=\"font-size: 20px;\" data-start=\"1445\" data-end=\"1606\">E\u011fer sipari\u015finizde bir eksiklik veya hasar varsa, <strong data-start=\"1495\" data-end=\"1511\">3 g\u00fcn i\u00e7inde<\/strong> bizimle ileti\u015fime ge\u00e7erek durumu bildirebilirsiniz. \u00dcr\u00fcn de\u011fi\u015fimi veya iadesi sa\u011flanacakt\u0131r.<\/p>\n\n\t\t<\/div>\n\t<\/div>\n<\/div><\/div><\/div><\/div><div class=\"vc_row wpb_row vc_row-fluid\"><div class=\"wpb_column vc_column_container vc_col-sm-12\"><div class=\"vc_column-inner\"><div class=\"wpb_wrapper\">\n\t<div class=\"wpb_text_column wpb_content_element\" >\n\t\t<div class=\"wpb_wrapper\">\n\t\t\t<h3 style=\"font-size: 20px;\" data-start=\"1608\" data-end=\"1657\"><strong data-start=\"1612\" data-end=\"1655\">8. Destek ekibinize nas\u0131l ula\u015fabilirim?<\/strong><\/h3>\n<p style=\"font-size: 20px;\" data-start=\"1658\" data-end=\"1842\">Bizimle \u015fu kanallar \u00fczerinden ileti\u015fime ge\u00e7ebilirsiniz:<br data-start=\"1713\" data-end=\"1716\" \/>\ud83d\udce9 <strong data-start=\"1719\" data-end=\"1731\">E-posta:<\/strong> <a href=\"mailto:info@luxeonur.com\" rel=\"noopener\" data-start=\"1732\" data-end=\"1753\">info@luxeonur.com<\/a><br data-start=\"1789\" data-end=\"1792\" \/>\ud83d\udd52 <strong data-start=\"1795\" data-end=\"1816\">\u00c7al\u0131\u015fma Saatleri:<\/strong> Hafta i\u00e7i 09:00 &#8211; 18:00<\/p>\n<p style=\"font-size: 20px;\" data-start=\"1844\" data-end=\"1938\">\ud83d\udccc Daha fazla bilgi almak i\u00e7in <strong data-start=\"1875\" data-end=\"1913\"><a href=\"https:\/\/luxeonur.com\/%C4%B0letisim\" rel=\"noopener\" data-start=\"1877\" data-end=\"1911\">\u0130leti\u015fim Sayfam\u0131z\u0131<\/a><\/strong> ziyaret edebilirsiniz.<\/p>\n\n\t\t<\/div>\n\t<\/div>\n<\/div><\/div><\/div><\/div>\n<\/div>","protected":false},"excerpt":{"rendered":"1. Sipari\u015flerim ne zaman kargoya verilir? Sipari\u015fleriniz, \u00f6deme onay\u0131 al\u0131nd\u0131ktan sonra 1-3 i\u015f g\u00fcn\u00fc i\u00e7inde kargoya verilir. Kampanya d\u00f6nemlerinde bu s\u00fcre de\u011fi\u015febilir. \u00a0 2. Kargo takip numaram\u0131 nas\u0131l \u00f6\u011frenebilirim? Sipari\u015finiz kargoya verildi\u011finde, kay\u0131tl\u0131 e-posta adresinize kargo takip numaran\u0131z g\u00f6nderilecektir. Ayr\u0131ca, Hesab\u0131m b\u00f6l\u00fcm\u00fcnden sipari\u015f detaylar\u0131n\u0131z\u0131 kontrol edebilirsiniz. 3. \u00dcr\u00fcnlerimi iade edebilir miyim? Evet, sipari\u015finizi teslim ald\u0131ktan<p class=\"link-more\"><a href=\"https:\/\/luxeonur.com\/tr_tr\/sss\/\" class=\"more-link\"><span>Read More<\/span><span class=\"meta-nav\">&#8594;<\/span><\/a><\/p>","protected":false},"author":1,"featured_media":0,"parent":0,"menu_order":0,"comment_status":"closed","ping_status":"closed","template":"","meta":{"footnotes":""},"class_list":["post-1378","page","type-page","status-publish","hentry"],"jetpack_sharing_enabled":true,"_links":{"self":[{"href":"https:\/\/luxeonur.com\/tr_tr\/wp-json\/wp\/v2\/pages\/1378","targetHints":{"allow":["GET"]}}],"collection":[{"href":"https:\/\/luxeonur.com\/tr_tr\/wp-json\/wp\/v2\/pages"}],"about":[{"href":"https:\/\/luxeonur.com\/tr_tr\/wp-json\/wp\/v2\/types\/page"}],"author":[{"embeddable":true,"href":"https:\/\/luxeonur.com\/tr_tr\/wp-json\/wp\/v2\/users\/1"}],"replies":[{"embeddable":true,"href":"https:\/\/luxeonur.com\/tr_tr\/wp-json\/wp\/v2\/comments?post=1378"}],"version-history":[{"count":4,"href":"https:\/\/luxeonur.com\/tr_tr\/wp-json\/wp\/v2\/pages\/1378\/revisions"}],"predecessor-version":[{"id":1471,"href":"https:\/\/luxeonur.com\/tr_tr\/wp-json\/wp\/v2\/pages\/1378\/revisions\/1471"}],"wp:attachment":[{"href":"https:\/\/luxeonur.com\/tr_tr\/wp-json\/wp\/v2\/media?parent=1378"}],"curies":[{"name":"wp","href":"https:\/\/api.w.org\/{rel}","templated":true}]}}