{"id":1444,"date":"2025-03-01T16:50:27","date_gmt":"2025-03-01T15:50:27","guid":{"rendered":"https:\/\/luxeonur.com\/?page_id=1444"},"modified":"2025-03-02T21:45:18","modified_gmt":"2025-03-02T20:45:18","slug":"hakkimizda","status":"publish","type":"page","link":"https:\/\/luxeonur.com\/tr_tr\/hakkimizda\/","title":{"rendered":"Hakk\u0131m\u0131zda"},"content":{"rendered":"<div class=\"wpb-content-wrapper\"><div class=\"vc_row wpb_row vc_row-fluid\"><div class=\"wpb_column vc_column_container vc_col-sm-12\"><div class=\"vc_column-inner\"><div class=\"wpb_wrapper\">\n\t<div class=\"wpb_text_column wpb_content_element\" >\n\t\t<div class=\"wpb_wrapper\">\n\t\t\t<h3 style=\"font-size: 20px;\" data-start=\"0\" data-end=\"50\"><strong data-start=\"4\" data-end=\"48\">LuxeOnur: L\u00fcks ve Kalite Herkese Ula\u015fs\u0131n<\/strong><\/h3>\n<p style=\"font-size: 20px;\" data-start=\"52\" data-end=\"305\">LuxeOnur, ev, g\u00fczellik ve daha bir\u00e7ok kategoride en kaliteli \u00fcr\u00fcnleri uygun fiyatlarla sunan bir markad\u0131r. Avrupa genelinde geni\u015f bir m\u00fc\u015fteri kitlesine hitap eden LuxeOnur, her b\u00fct\u00e7eye uygun \u015f\u0131k, kullan\u0131\u015fl\u0131 ve yenilik\u00e7i \u00fcr\u00fcnleriyle fark yaratmaktad\u0131r.<\/p>\n<p style=\"font-size: 20px;\" data-start=\"307\" data-end=\"576\">Misyonumuz, l\u00fcks\u00fc herkes i\u00e7in eri\u015filebilir hale getirmek ve m\u00fc\u015fterilerimize en iyi al\u0131\u015fveri\u015f deneyimini sunmakt\u0131r. Bu nedenle, her \u00fcr\u00fcn\u00fcm\u00fcz\u00fc titizlikle se\u00e7erek kalite, estetik ve i\u015flevselli\u011fi bir araya getiriyoruz. LuxeOnur ile her al\u0131\u015fveri\u015f keyifli, her f\u0131rsat \u00f6zel!<\/p>\n\n\t\t<\/div>\n\t<\/div>\n<div class=\"vc_empty_space\"   style=\"height: 32px\"><span class=\"vc_empty_space_inner\"><\/span><\/div><\/div><\/div><\/div><\/div><div class=\"vc_row wpb_row vc_row-fluid\"><div class=\"wpb_column vc_column_container vc_col-sm-6\"><div class=\"vc_column-inner\"><div class=\"wpb_wrapper\">\n\t<div class=\"wpb_text_column wpb_content_element\" >\n\t\t<div class=\"wpb_wrapper\">\n\t\t\t<h3 style=\"font-size: 20px;\" data-start=\"578\" data-end=\"627\"><strong data-start=\"582\" data-end=\"625\">Geni\u015f ve \u00d6zenle Se\u00e7ilmi\u015f \u00dcr\u00fcn Yelpazesi<\/strong><\/h3>\n<p style=\"font-size: 20px;\" data-start=\"629\" data-end=\"705\">LuxeOnur, farkl\u0131 ihtiya\u00e7lara y\u00f6nelik geni\u015f bir \u00fcr\u00fcn yelpazesi sunmaktad\u0131r:<\/p>\n<ul data-start=\"707\" data-end=\"1368\">\n<li style=\"font-size: 20px;\" data-start=\"707\" data-end=\"933\"><strong data-start=\"709\" data-end=\"728\">Ev &amp; Dekorasyon<\/strong>: Evinize \u015f\u0131kl\u0131k katacak modern dekoratif \u00fcr\u00fcnler, kullan\u0131\u015fl\u0131 ev e\u015fyalar\u0131 ve fonksiyonel mobilyalar. Ya\u015fam alan\u0131n\u0131z\u0131 daha konforlu ve estetik hale getirmek i\u00e7in en trend \u00fcr\u00fcnleri sizlerle bulu\u015fturuyoruz.<\/li>\n<li style=\"font-size: 20px;\" data-start=\"934\" data-end=\"1150\"><strong data-start=\"936\" data-end=\"964\">G\u00fczellik &amp; Ki\u015fisel Bak\u0131m<\/strong>: Kendinize \u00f6zen g\u00f6stermeniz i\u00e7in en kaliteli cilt bak\u0131m \u00fcr\u00fcnleri, g\u00fczellik aksesuarlar\u0131 ve ki\u015fisel bak\u0131m gere\u00e7leri. Sa\u011fl\u0131\u011f\u0131n\u0131za zarar vermeyen, g\u00fcvenilir ve etkili \u00e7\u00f6z\u00fcmler sunuyoruz.<\/li>\n<li style=\"font-size: 20px;\" data-start=\"1151\" data-end=\"1368\"><strong data-start=\"1153\" data-end=\"1182\">Ya\u015fam Tarz\u0131 &amp; Aksesuarlar<\/strong>: G\u00fcnl\u00fck hayat\u0131n\u0131z\u0131 kolayla\u015ft\u0131racak ak\u0131ll\u0131 \u00e7\u00f6z\u00fcmler, en yeni trendler ve pratik kullan\u0131m sunan aksesuarlar. Moda ve i\u015flevselli\u011fi bir araya getiren \u00fcr\u00fcnlerle hayat\u0131n\u0131za de\u011fer kat\u0131yoruz.<\/li>\n<\/ul>\n\n\t\t<\/div>\n\t<\/div>\n<\/div><\/div><\/div><div class=\"wpb_column vc_column_container vc_col-sm-6\"><div class=\"vc_column-inner\"><div class=\"wpb_wrapper\">\n\t<div  class=\"wpb_single_image wpb_content_element vc_align_left wpb_content_element\">\n\t\t\n\t\t<figure class=\"wpb_wrapper vc_figure\">\n\t\t\t<div class=\"vc_single_image-wrapper   vc_box_border_grey\"><img loading=\"lazy\" decoding=\"async\" width=\"1210\" height=\"794\" src=\"https:\/\/luxeonur.com\/wp-content\/uploads\/2018\/06\/blog-5.jpg\" class=\"vc_single_image-img attachment-full\" alt=\"\" title=\"blog-5\" \/><\/div>\n\t\t<\/figure>\n\t<\/div>\n<div class=\"vc_empty_space\"   style=\"height: 32px\"><span class=\"vc_empty_space_inner\"><\/span><\/div>\n\t<div  class=\"wpb_single_image wpb_content_element vc_align_left wpb_content_element\">\n\t\t\n\t\t<figure class=\"wpb_wrapper vc_figure\">\n\t\t\t<div class=\"vc_single_image-wrapper   vc_box_border_grey\"><img loading=\"lazy\" decoding=\"async\" width=\"800\" height=\"527\" src=\"https:\/\/luxeonur.com\/wp-content\/uploads\/2025\/03\/laundry-box-and-liquid-detergents-2025-02-10-09-54-19-utc1.jpg\" class=\"vc_single_image-img attachment-full\" alt=\"\" title=\"laundry-box-and-liquid-detergents-2025-02-10-09-54-19-utc(1)\" \/><\/div>\n\t\t<\/figure>\n\t<\/div>\n<\/div><\/div><\/div><\/div><div class=\"vc_row wpb_row vc_row-fluid\"><div class=\"wpb_column vc_column_container vc_col-sm-12\"><div class=\"vc_column-inner\"><div class=\"wpb_wrapper\"><div class=\"vc_empty_space\"   style=\"height: 32px\"><span class=\"vc_empty_space_inner\"><\/span><\/div><\/div><\/div><\/div><\/div><div class=\"vc_row wpb_row vc_row-fluid\"><div class=\"wpb_column vc_column_container vc_col-sm-6\"><div class=\"vc_column-inner\"><div class=\"wpb_wrapper\">\n\t<div  class=\"wpb_single_image wpb_content_element vc_align_left wpb_content_element\">\n\t\t\n\t\t<figure class=\"wpb_wrapper vc_figure\">\n\t\t\t<div class=\"vc_single_image-wrapper   vc_box_border_grey\"><img loading=\"lazy\" decoding=\"async\" width=\"1210\" height=\"805\" src=\"https:\/\/luxeonur.com\/wp-content\/uploads\/2018\/06\/blog-6.jpg\" class=\"vc_single_image-img attachment-full\" alt=\"\" title=\"blog-6\" \/><\/div>\n\t\t<\/figure>\n\t<\/div>\n<div class=\"vc_empty_space\"   style=\"height: 32px\"><span class=\"vc_empty_space_inner\"><\/span><\/div>\n\t<div  class=\"wpb_single_image wpb_content_element vc_align_left wpb_content_element\">\n\t\t\n\t\t<figure class=\"wpb_wrapper vc_figure\">\n\t\t\t<div class=\"vc_single_image-wrapper   vc_box_border_grey\"><img loading=\"lazy\" decoding=\"async\" width=\"800\" height=\"533\" src=\"https:\/\/luxeonur.com\/wp-content\/uploads\/2025\/03\/happy-smile-face-emotion-and-correct-icons-on-back-2024-10-11-00-07-44-utc1.jpg\" class=\"vc_single_image-img attachment-full\" alt=\"\" title=\"happy-smile-face-emotion-and-correct-icons-on-back-2024-10-11-00-07-44-utc(1)\" \/><\/div>\n\t\t<\/figure>\n\t<\/div>\n<\/div><\/div><\/div><div class=\"wpb_column vc_column_container vc_col-sm-6\"><div class=\"vc_column-inner\"><div class=\"wpb_wrapper\">\n\t<div class=\"wpb_text_column wpb_content_element\" >\n\t\t<div class=\"wpb_wrapper\">\n\t\t\t<h3 style=\"font-size: 20px;\" data-start=\"1610\" data-end=\"1653\"><strong data-start=\"1614\" data-end=\"1651\">M\u00fc\u015fteri Odakl\u0131 Al\u0131\u015fveri\u015f Deneyimi<\/strong><\/h3>\n<p style=\"font-size: 20px;\" data-start=\"1655\" data-end=\"1805\">LuxeOnur olarak m\u00fc\u015fterilerimize sorunsuz, keyifli ve g\u00fcvenilir bir al\u0131\u015fveri\u015f deneyimi sunmay\u0131 hedefliyoruz. Bu do\u011frultuda \u015fu avantajlar\u0131 sa\u011fl\u0131yoruz:<\/p>\n<ul data-start=\"1807\" data-end=\"2584\">\n<li style=\"font-size: 20px;\" data-start=\"1807\" data-end=\"1968\"><strong data-start=\"1809\" data-end=\"1839\">Kullan\u0131c\u0131 Dostu Web Sitesi<\/strong>: \u00dcr\u00fcnlerimizi kolayca ke\u015ffetmeniz i\u00e7in basit ve h\u0131zl\u0131 bir aray\u00fcz sunuyoruz. Arad\u0131\u011f\u0131n\u0131z \u00fcr\u00fcne saniyeler i\u00e7inde ula\u015fabilirsiniz.<\/li>\n<li style=\"font-size: 20px;\" data-start=\"1969\" data-end=\"2143\"><strong data-start=\"1971\" data-end=\"1997\">M\u00fc\u015fteri Destek Hizmeti<\/strong>: Sorular\u0131n\u0131z\u0131 yan\u0131tlamak, sizlere en iyi hizmeti sunmak ve al\u0131\u015fveri\u015f deneyiminizi m\u00fckemmelle\u015ftirmek i\u00e7in m\u00fc\u015fteri hizmetlerimiz her zaman haz\u0131r.<\/li>\n<li style=\"font-size: 20px;\" data-start=\"2144\" data-end=\"2380\"><strong data-start=\"2146\" data-end=\"2183\">Avantajl\u0131 Fiyatlar ve Kampanyalar<\/strong>: Kaliteli \u00fcr\u00fcnleri en uygun fiyatlarla sunabilmek i\u00e7in do\u011frudan \u00fcreticilerle \u00e7al\u0131\u015f\u0131yor ve en iyi f\u0131rsatlar\u0131 sizlere sunuyoruz. Y\u0131l boyunca \u00f6zel indirimler ve kampanyalarla b\u00fct\u00e7enizi d\u00fc\u015f\u00fcn\u00fcyoruz.<\/li>\n<li style=\"font-size: 20px;\" data-start=\"2381\" data-end=\"2584\"><strong data-start=\"2383\" data-end=\"2412\">H\u0131zl\u0131 ve G\u00fcvenli Teslimat<\/strong>: Avrupa\u2019n\u0131n her k\u00f6\u015fesine h\u0131zl\u0131 ve g\u00fcvenilir teslimat sa\u011fl\u0131yoruz. Sipari\u015flerinizi en k\u0131sa s\u00fcrede kap\u0131n\u0131za ula\u015ft\u0131rmak i\u00e7in profesyonel lojistik ortaklar\u0131m\u0131zla \u00e7al\u0131\u015f\u0131yoruz.<\/li>\n<\/ul>\n\n\t\t<\/div>\n\t<\/div>\n<\/div><\/div><\/div><\/div><div class=\"vc_row wpb_row vc_row-fluid\"><div class=\"wpb_column vc_column_container vc_col-sm-12\"><div class=\"vc_column-inner\"><div class=\"wpb_wrapper\"><div class=\"vc_empty_space\"   style=\"height: 32px\"><span class=\"vc_empty_space_inner\"><\/span><\/div>\n\t<div class=\"wpb_text_column wpb_content_element\" >\n\t\t<div class=\"wpb_wrapper\">\n\t\t\t<h3 style=\"font-size: 20px;\" data-start=\"2586\" data-end=\"2642\"><strong data-start=\"2590\" data-end=\"2640\">M\u00fckemmelli\u011fi ve Yenili\u011fi Hedefleyen Bir Vizyon<\/strong><\/h3>\n<p style=\"font-size: 20px;\" data-start=\"2644\" data-end=\"2858\">LuxeOnur olarak sadece \u00fcr\u00fcn satm\u0131yoruz, ayn\u0131 zamanda m\u00fc\u015fterilerimize \u00f6zel bir deneyim sunuyoruz. S\u00fcrekli geli\u015fen \u00fcr\u00fcn yelpazemiz, en son yenilikleri ve trendleri takip ederek sizlere en iyisini sunmay\u0131 ama\u00e7l\u0131yor.<\/p>\n<p style=\"font-size: 20px;\" data-start=\"2860\" data-end=\"3096\">Gelecekte, LuxeOnur\u2019u Avrupa\u2019n\u0131n en sevilen e-ticaret platformlar\u0131ndan biri haline getirmeyi hedefliyoruz. Kaliteli \u00fcr\u00fcnleri eri\u015filebilir fiyatlarla sunmaya devam ederken, m\u00fc\u015fteri memnuniyetini en \u00fcst seviyede tutmak i\u00e7in \u00e7al\u0131\u015f\u0131yoruz.<\/p>\n<p style=\"font-size: 20px;\" data-start=\"3098\" data-end=\"3294\">Ayr\u0131ca, \u00e7evre dostu ve s\u00fcrd\u00fcr\u00fclebilir bir t\u00fcketim anlay\u0131\u015f\u0131n\u0131 destekliyoruz. Do\u011faya zarar vermeyen \u00fcr\u00fcnleri tercih ediyor, etik \u00fcretim s\u00fcre\u00e7lerini destekleyen tedarik\u00e7ilerle i\u015f birli\u011fi yap\u0131yoruz.<\/p>\n\n\t\t<\/div>\n\t<\/div>\n<\/div><\/div><\/div><\/div>\n<\/div>","protected":false},"excerpt":{"rendered":"LuxeOnur: L\u00fcks ve Kalite Herkese Ula\u015fs\u0131n LuxeOnur, ev, g\u00fczellik ve daha bir\u00e7ok kategoride en kaliteli \u00fcr\u00fcnleri uygun fiyatlarla sunan bir markad\u0131r. Avrupa genelinde geni\u015f bir m\u00fc\u015fteri kitlesine hitap eden LuxeOnur, her b\u00fct\u00e7eye uygun \u015f\u0131k, kullan\u0131\u015fl\u0131 ve yenilik\u00e7i \u00fcr\u00fcnleriyle fark yaratmaktad\u0131r. Misyonumuz, l\u00fcks\u00fc herkes i\u00e7in eri\u015filebilir hale getirmek ve m\u00fc\u015fterilerimize en iyi al\u0131\u015fveri\u015f deneyimini sunmakt\u0131r. Bu<p class=\"link-more\"><a href=\"https:\/\/luxeonur.com\/tr_tr\/hakkimizda\/\" class=\"more-link\"><span>Read More<\/span><span class=\"meta-nav\">&#8594;<\/span><\/a><\/p>","protected":false},"author":1,"featured_media":0,"parent":0,"menu_order":0,"comment_status":"closed","ping_status":"closed","template":"","meta":{"footnotes":""},"class_list":["post-1444","page","type-page","status-publish","hentry"],"jetpack_sharing_enabled":true,"_links":{"self":[{"href":"https:\/\/luxeonur.com\/tr_tr\/wp-json\/wp\/v2\/pages\/1444","targetHints":{"allow":["GET"]}}],"collection":[{"href":"https:\/\/luxeonur.com\/tr_tr\/wp-json\/wp\/v2\/pages"}],"about":[{"href":"https:\/\/luxeonur.com\/tr_tr\/wp-json\/wp\/v2\/types\/page"}],"author":[{"embeddable":true,"href":"https:\/\/luxeonur.com\/tr_tr\/wp-json\/wp\/v2\/users\/1"}],"replies":[{"embeddable":true,"href":"https:\/\/luxeonur.com\/tr_tr\/wp-json\/wp\/v2\/comments?post=1444"}],"version-history":[{"count":8,"href":"https:\/\/luxeonur.com\/tr_tr\/wp-json\/wp\/v2\/pages\/1444\/revisions"}],"predecessor-version":[{"id":1584,"href":"https:\/\/luxeonur.com\/tr_tr\/wp-json\/wp\/v2\/pages\/1444\/revisions\/1584"}],"wp:attachment":[{"href":"https:\/\/luxeonur.com\/tr_tr\/wp-json\/wp\/v2\/media?parent=1444"}],"curies":[{"name":"wp","href":"https:\/\/api.w.org\/{rel}","templated":true}]}}